{"id":4629,"date":"2023-07-20T07:17:35","date_gmt":"2023-07-20T07:17:35","guid":{"rendered":"https:\/\/archipad.com\/?page_id=4629"},"modified":"2025-10-14T14:45:36","modified_gmt":"2025-10-14T14:45:36","slug":"politique-confidentialite","status":"publish","type":"page","link":"https:\/\/archipad.com\/fr\/politique-confidentialite\/","title":{"rendered":"Politique de confidentialit\u00e9"},"content":{"rendered":"\t\t<div data-elementor-type=\"wp-page\" data-elementor-id=\"4629\" class=\"elementor elementor-4629\" data-elementor-post-type=\"page\">\n\t\t\t\t<div class=\"elementor-element elementor-element-30b6a89 e-flex e-con-boxed e-con e-parent\" data-id=\"30b6a89\" data-element_type=\"container\" data-e-type=\"container\" data-settings=\"{&quot;background_background&quot;:&quot;classic&quot;,&quot;jet_parallax_layout_list&quot;:[]}\">\n\t\t\t\t\t<div class=\"e-con-inner\">\n\t\t<div class=\"elementor-element elementor-element-5804935 e-con-full e-flex e-con e-child\" data-id=\"5804935\" data-element_type=\"container\" data-e-type=\"container\" data-settings=\"{&quot;jet_parallax_layout_list&quot;:[]}\">\n\t\t<div class=\"elementor-element elementor-element-6701419 e-con-full e-flex e-con e-child\" data-id=\"6701419\" data-element_type=\"container\" data-e-type=\"container\" data-settings=\"{&quot;jet_parallax_layout_list&quot;:[]}\">\n\t\t<div class=\"elementor-element elementor-element-c18fb3f e-con-full e-flex e-con e-child\" data-id=\"c18fb3f\" data-element_type=\"container\" data-e-type=\"container\" data-settings=\"{&quot;jet_parallax_layout_list&quot;:[]}\">\n\t\t\t\t<div class=\"elementor-element elementor-element-32d3930 elementor-widget__width-auto elementor-widget-divider--view-line elementor-widget elementor-widget-divider\" data-id=\"32d3930\" data-element_type=\"widget\" data-e-type=\"widget\" data-widget_type=\"divider.default\">\n\t\t\t\t<div class=\"elementor-widget-container\">\n\t\t\t\t\t\t\t<div class=\"elementor-divider\">\n\t\t\t<span class=\"elementor-divider-separator\">\n\t\t\t\t\t\t<\/span>\n\t\t<\/div>\n\t\t\t\t\t\t<\/div>\n\t\t\t\t<\/div>\n\t\t\t\t<div class=\"elementor-element elementor-element-5bd5ad4 elementor-widget__width-auto elementor-widget-mobile__width-inherit elementor-widget elementor-widget-heading\" data-id=\"5bd5ad4\" data-element_type=\"widget\" data-e-type=\"widget\" data-widget_type=\"heading.default\">\n\t\t\t\t<div class=\"elementor-widget-container\">\n\t\t\t\t\t<div class=\"elementor-heading-title elementor-size-default\">Politique de confidentialit\u00e9<\/div>\t\t\t\t<\/div>\n\t\t\t\t<\/div>\n\t\t\t\t<\/div>\n\t\t<div class=\"elementor-element elementor-element-56fe6d5 e-flex e-con-boxed e-con e-child\" data-id=\"56fe6d5\" data-element_type=\"container\" data-e-type=\"container\" data-settings=\"{&quot;jet_parallax_layout_list&quot;:[],&quot;background_background&quot;:&quot;classic&quot;}\">\n\t\t\t\t\t<div class=\"e-con-inner\">\n\t\t\t\t<div class=\"elementor-element elementor-element-aea4635 elementor-widget elementor-widget-text-editor\" data-id=\"aea4635\" data-element_type=\"widget\" data-e-type=\"widget\" data-widget_type=\"text-editor.default\">\n\t\t\t\t<div class=\"elementor-widget-container\">\n\t\t\t\t\t\t\t\t\t<h2>CONFIDENTIALIT\u00c9<\/h2>\n<p>La protection de votre confidentialit\u00e9 nous tient \u00e0 c\u0153ur. Bigsool s\u2019engage \u00e0 prot\u00e9ger la confidentialit\u00e9 et la s\u00e9curit\u00e9 de vos informations personnelles. Nous mettons en \u0153uvre une politique de s\u00e9curit\u00e9 afin de garantir la confidentialit\u00e9 de vos donn\u00e9es personnelles.<\/p>\n<h2>VOUS INFORMER<\/h2>\n<p>Vous informer sur les offres, les services et les produits. Si vous avez indiqu\u00e9 souhaiter recevoir de telles informations, Bigsool est susceptible de vous contacter par courrier \u00e9lectronique ou par tout autre biais (courrier postal ou t\u00e9l\u00e9phone, si les coordonn\u00e9es nous ont \u00e9t\u00e9 fournies) pour vous informer de services, produits, offres en lien direct avec Bigsool et services connexes. \u00c0 tout moment, si vous ne souhaitez plus recevoir de telles informations, vous pouvez nous le signaler \u00e0 l\u2019adresse suivante :<\/p>\n<h2>Bigsool<\/h2>\n<p>Business P\u00f4le 2 \u2013 Immeuble A2,1047 route des dolines 06560 Valbonne, France.<\/p>\n<h2>CONSENTEMENT<\/h2>\n<p><strong>EN FOURNISSANT DES RENSEIGNEMENTS PERSONNELS \u00c0 BIGSOOL, VOUS CONVENEZ QUE NOUS POUVONS RECUEILLIR, UTILISER OU COMMUNIQUER CES RENSEIGNEMENTS PERSONNELS CONFORM\u00c9MENT \u00c0 LA PR\u00c9SENTE POLITIQUE DE PROTECTION DE LA CONFIDENTIALIT\u00c9, AUX PR\u00c9F\u00c9RENCES EN MATI\u00c8RE DE LA PROTECTION DE LA CONFIDENTIALIT\u00c9 QUE VOUS NOUS AVEZ INDIQU\u00c9ES ET TEL QU\u2019AUTORIS\u00c9 OU REQUIS PAR LA LOI. <\/strong><\/p>\n<p>Sous r\u00e9serve d\u2019exigences l\u00e9gales et contractuelles, vous pouvez refuser ou retirer votre consentement \u00e0 l\u2019\u00e9gard de certaines des fins d\u00e9termin\u00e9es en tout temps en communiquant avec nous. Si vous refusez ou retirez votre consentement, il se peut que nous soyons dans l\u2019impossibilit\u00e9 de vous fournir ou de continuer de vous fournir certains services ou renseignements qui pourraient vous \u00eatre utiles.<\/p>\n<p>Bigsool vous conf\u00e8re un compte personnel non exclusif limit\u00e9 \u00e0 l\u2019acc\u00e8s et \u00e0 l\u2019usage priv\u00e9 du site. Le compte personnel est intransmissible. Le compte personnel ne vous donne aucun droit de modifier, de vous approprier, d\u2019effacer ou encore d\u2019alt\u00e9rer le contenu du site de quelque mani\u00e8re que ce soit. Le compte personnel ne comprend \u00e9galement aucun droit de revente ou d\u2019usage commercial du site ou de son contenu. Vous ne disposez d\u2019aucun droit de rassembler, diss\u00e9miner, c\u00e9der, transf\u00e9rer ou encore faire un usage commercial du contenu du site. Le compte personnel ne vous autorise pas \u00e0 reproduire, copier, cr\u00e9er des liens, vendre, revendre ou encore exploiter dans un but commercial toute partie du site sans l\u2019accord \u00e9crit de Bigsool.<\/p>\n<h2>BIGSOOL<\/h2>\n<p>Bigsool est une soci\u00e9t\u00e9 de d\u00e9veloppement de logiciels et de distribution dont les activit\u00e9s se concentrent dans le secteur du web.<\/p>\n<p>La pr\u00e9sente politique de protection de la confidentialit\u00e9 s\u2019applique \u00e0 la collecte, \u00e0 l\u2019utilisation et \u00e0 la communication par Bigsool de renseignements personnels concernant des clients et consommateurs de nos produits et services.<\/p>\n<h2>DONN\u00c9ES PERSONNELLES<\/h2>\n<p>La personne responsable de traitement (responsable RGPD) est :<\/p>\n<p>dpo@bigsool.com<\/p>\n<p>Bigsool \u2013 Data Protection Officer<br>Business P\u00f4le 2 \u2013 Immeuble A2,<br>1047, route des Dolines 06560 Valbonne, France<\/p>\n<h3>1 INFORMATIONS QUE NOUS COLLECTONS<\/h3>\n<p>Informations que vous nous communiquez :<\/p>\n<p>\u2013 Informations n\u00e9cessaires \u00e0 l\u2019utilisation de la plateforme Archipad : Nom, Pr\u00e9nom, Adresse email, Soci\u00e9t\u00e9, Adresse professionnelle, Fonction professionnelle, Num\u00e9ro de t\u00e9l\u00e9phone<br>\u2013 Informations n\u00e9cessaires \u00e0 l\u2019utilisation des Services de paiement : 4 derniers chiffres de la carte bancaire, Date d\u2019expiration de la carte bancaire<\/p>\n<p>Informations que nous collectons automatiquement lors de l\u2019utilisation de nos services :<\/p>\n<p>\u2013 Statistiques d\u2019utilisation (pages vues, cheminement etc.)<br>\u2013 Donn\u00e9es de connexion\u202f: Adresse IP, User Agent, Historique d\u2019appel des API, Identifiant de connexion<br>\u2013 Cookies et technologies analogues\u202f: Google Analytics, Errorception<br>\u2013 Informations sur les transactions de paiement : moyen de paiement, date et heure, IBAN etc.<\/p>\n<h2>2 UTILISATION DES INFORMATIONS QUE NOUS COLLECTONS<\/h2>\n<p><strong>\u00c0 quoi est-ce qu\u2019elles servent :<\/strong><\/p>\n<p>\u2013 Alimenter et d\u00e9velopper la plateforme Archipad : vous permettre d\u2019acc\u00e9der \u00e0 la plateforme, vous fournir un service client, vous adresser des messages d\u2019assistance<br>\u2013 Cr\u00e9er et maintenir un environnement de confiance : respecter nos obligations l\u00e9gales, d\u00e9tecter les fraudes d\u2019utilisation, proc\u00e9der \u00e0 des v\u00e9rifications, vous apporter un \u00e9ventuel support technique<br>\u2013 \u00c9valuer et am\u00e9liorer notre publicit\u00e9 et notre commercialisation : vous envoyer des informations commerciales et des offres promotionnelles, d\u00e9finir vos pr\u00e9f\u00e9rences sur vos caract\u00e9ristiques pour ne vous envoyer que des \u00e9l\u00e9ments qui pourraient vous int\u00e9resser, analyser vos donn\u00e9es, d\u00e9velopper de nouveaux produits ou services<\/p>\n<p>D\u00e9lais de conservation des donn\u00e9es : uniquement pendant la dur\u00e9e requise pour pouvoir fournir les services ou produits demand\u00e9s, ou dans le cas d\u2019une prorogation exig\u00e9e par la loi<\/p>\n<h3>3 PARTAGE ET DIVULGATION<\/h3>\n<p>Bigsool vous informe partager des donn\u00e9es uniquement dans le but de l\u2019utilisation de notre plateforme\u202f: service de facturation, service d\u2019h\u00e9bergement, solution de paiement en ligne.<\/p>\n<h3>4 VOS DROITS<\/h3>\n<p>Vous pouvez acc\u00e9der et mettre \u00e0 jour l\u2019ensemble de vos informations en vous connectant \u00e0 votre compte. Vous \u00eates responsables de garder \u00e0 jour vos informations personnelles.<\/p>\n<p>Nous conservons vos informations personnelles aussi longtemps que n\u00e9cessaire pour l\u2019ex\u00e9cution de l\u2019accord entre vous et nous et pour nous conformer \u00e0 nos obligations l\u00e9gales. Nous pouvons les supprimer si vous nous demandez la fermeture de votre compte. Veuillez noter toutefois que cela entra\u00eenera la perte de toutes les configurations que vous aurez effectu\u00e9es.<\/p>\n<p>Si vous avez donn\u00e9 votre consentement au traitement de vos informations personnelles, vous pouvez le retirer \u00e0 tout moment en envoyant une communication. Veuillez noter que le retrait de votre consentement n\u2019a pas d\u2019effet sur la l\u00e9galit\u00e9 de toute activit\u00e9 fond\u00e9e sur ledit consentement avant son retrait.<\/p>\n<h3>5 S\u00c9CURIT\u00c9 DE VOS DONN\u00c9ES PERSONNELLES<\/h3>\n<p>Nous utilisons une vari\u00e9t\u00e9 de mesures de s\u00e9curit\u00e9 des donn\u00e9es destin\u00e9es \u00e0 garantir la confidentialit\u00e9 et l\u2019int\u00e9grit\u00e9 de vos informations personnelles.<\/p>\n<p>Nous d\u00e9ployons tous les efforts raisonnables afin de pr\u00e9venir la perte, l\u2019utilisation malveillante et l\u2019alt\u00e9ration des renseignements personnels sous notre contr\u00f4le. Nos politiques de s\u00e9curit\u00e9 sont pass\u00e9es en revue p\u00e9riodiquement et am\u00e9lior\u00e9es au besoin.<\/p>\n<h2>MODIFICATIONS \u00c0 LA POLITIQUE DE PROTECTION DE LA CONFIDENTIALIT\u00c9<\/h2>\n<p>Bigsool se r\u00e9serve le droit de modifier ou de compl\u00e9ter la pr\u00e9sente politique de protection de la confidentialit\u00e9 en tout temps. Si nous apportons des modifications \u00e0 la pr\u00e9sente politique de protection de la confidentialit\u00e9, nous afficherons ces modifications sur notre site et la politique modifi\u00e9e sera disponible sur demande adress\u00e9e \u00e0 Bigsool. Cependant, Bigsool obtiendra les consentements n\u00e9cessaires aux termes des lois sur la protection des renseignements personnels applicables si la soci\u00e9t\u00e9 entend recueillir, utiliser ou communiquer des renseignements personnels concernant un individu \u00e0 des fins autres que celles pour lesquelles le consentement a \u00e9t\u00e9 donn\u00e9, \u00e0 moins que cela ne soit par ailleurs requis ou autoris\u00e9 par la loi.<\/p>\t\t\t\t\t\t\t\t<\/div>\n\t\t\t\t<\/div>\n\t\t\t\t\t<\/div>\n\t\t\t\t<\/div>\n\t\t\t\t<\/div>\n\t\t\t\t<\/div>\n\t\t\t\t\t<\/div>\n\t\t\t\t<\/div>\n\t\t\t\t<\/div>\n\t\t","protected":false},"excerpt":{"rendered":"<p>Politique de confidentialit\u00e9 CONFIDENTIALIT\u00c9 La protection de votre confidentialit\u00e9 nous tient \u00e0 c\u0153ur. Bigsool s\u2019engage \u00e0 prot\u00e9ger la confidentialit\u00e9 et la s\u00e9curit\u00e9 de vos informations personnelles. Nous mettons en \u0153uvre une politique de s\u00e9curit\u00e9 afin de garantir la confidentialit\u00e9 de vos donn\u00e9es personnelles. VOUS INFORMER Vous informer sur les offres, les services et les produits. [&hellip;]<\/p>\n","protected":false},"author":2,"featured_media":0,"parent":0,"menu_order":0,"comment_status":"closed","ping_status":"closed","template":"","meta":{"_jet_sm_ready_style":"","_jet_sm_style":"","_jet_sm_controls_values":"","_jet_sm_fonts_collection":"","_jet_sm_fonts_links":"","footnotes":""},"class_list":["post-4629","page","type-page","status-publish","hentry"],"_links":{"self":[{"href":"https:\/\/archipad.com\/fr\/wp-json\/wp\/v2\/pages\/4629","targetHints":{"allow":["GET"]}}],"collection":[{"href":"https:\/\/archipad.com\/fr\/wp-json\/wp\/v2\/pages"}],"about":[{"href":"https:\/\/archipad.com\/fr\/wp-json\/wp\/v2\/types\/page"}],"author":[{"embeddable":true,"href":"https:\/\/archipad.com\/fr\/wp-json\/wp\/v2\/users\/2"}],"replies":[{"embeddable":true,"href":"https:\/\/archipad.com\/fr\/wp-json\/wp\/v2\/comments?post=4629"}],"version-history":[{"count":4,"href":"https:\/\/archipad.com\/fr\/wp-json\/wp\/v2\/pages\/4629\/revisions"}],"predecessor-version":[{"id":18697,"href":"https:\/\/archipad.com\/fr\/wp-json\/wp\/v2\/pages\/4629\/revisions\/18697"}],"wp:attachment":[{"href":"https:\/\/archipad.com\/fr\/wp-json\/wp\/v2\/media?parent=4629"}],"curies":[{"name":"wp","href":"https:\/\/api.w.org\/{rel}","templated":true}]}}