{"id":4604,"date":"2023-07-20T07:01:20","date_gmt":"2023-07-20T07:01:20","guid":{"rendered":"https:\/\/archipad.com\/?page_id=4604"},"modified":"2025-08-04T08:43:04","modified_gmt":"2025-08-04T08:43:04","slug":"conditions-generales-utilisation","status":"publish","type":"page","link":"https:\/\/archipad.com\/fr\/conditions-generales-utilisation\/","title":{"rendered":"Conditions g\u00e9n\u00e9rales d\u2019utilisation"},"content":{"rendered":"\t\t<div data-elementor-type=\"wp-page\" data-elementor-id=\"4604\" class=\"elementor elementor-4604\" data-elementor-post-type=\"page\">\n\t\t\t\t<div class=\"elementor-element elementor-element-30b6a89 e-flex e-con-boxed e-con e-parent\" data-id=\"30b6a89\" data-element_type=\"container\" data-e-type=\"container\" data-settings=\"{&quot;background_background&quot;:&quot;classic&quot;,&quot;jet_parallax_layout_list&quot;:[]}\">\n\t\t\t\t\t<div class=\"e-con-inner\">\n\t\t<div class=\"elementor-element elementor-element-5804935 e-con-full e-flex e-con e-child\" data-id=\"5804935\" data-element_type=\"container\" data-e-type=\"container\" data-settings=\"{&quot;jet_parallax_layout_list&quot;:[]}\">\n\t\t<div class=\"elementor-element elementor-element-6701419 e-con-full e-flex e-con e-child\" data-id=\"6701419\" data-element_type=\"container\" data-e-type=\"container\" data-settings=\"{&quot;jet_parallax_layout_list&quot;:[]}\">\n\t\t<div class=\"elementor-element elementor-element-c18fb3f e-con-full e-flex e-con e-child\" data-id=\"c18fb3f\" data-element_type=\"container\" data-e-type=\"container\" data-settings=\"{&quot;jet_parallax_layout_list&quot;:[]}\">\n\t\t\t\t<div class=\"elementor-element elementor-element-32d3930 elementor-widget__width-auto elementor-widget-divider--view-line elementor-widget elementor-widget-divider\" data-id=\"32d3930\" data-element_type=\"widget\" data-e-type=\"widget\" data-widget_type=\"divider.default\">\n\t\t\t\t<div class=\"elementor-widget-container\">\n\t\t\t\t\t\t\t<div class=\"elementor-divider\">\n\t\t\t<span class=\"elementor-divider-separator\">\n\t\t\t\t\t\t<\/span>\n\t\t<\/div>\n\t\t\t\t\t\t<\/div>\n\t\t\t\t<\/div>\n\t\t\t\t<div class=\"elementor-element elementor-element-5bd5ad4 elementor-widget__width-auto elementor-widget-mobile__width-inherit elementor-widget elementor-widget-heading\" data-id=\"5bd5ad4\" data-element_type=\"widget\" data-e-type=\"widget\" data-widget_type=\"heading.default\">\n\t\t\t\t<div class=\"elementor-widget-container\">\n\t\t\t\t\t<div class=\"elementor-heading-title elementor-size-default\">Conditions g\u00e9n\u00e9rales d'utilisation<\/div>\t\t\t\t<\/div>\n\t\t\t\t<\/div>\n\t\t\t\t<\/div>\n\t\t<div class=\"elementor-element elementor-element-56fe6d5 e-flex e-con-boxed e-con e-child\" data-id=\"56fe6d5\" data-element_type=\"container\" data-e-type=\"container\" data-settings=\"{&quot;jet_parallax_layout_list&quot;:[],&quot;background_background&quot;:&quot;classic&quot;}\">\n\t\t\t\t\t<div class=\"e-con-inner\">\n\t\t\t\t<div class=\"elementor-element elementor-element-aea4635 elementor-widget elementor-widget-text-editor\" data-id=\"aea4635\" data-element_type=\"widget\" data-e-type=\"widget\" data-widget_type=\"text-editor.default\">\n\t\t\t\t<div class=\"elementor-widget-container\">\n\t\t\t\t\t\t\t\t\t<h2><b>1-Domaine d&rsquo;application\u00a0<\/b><\/h2><p><span style=\"font-weight: 400;\">Les pr\u00e9sentes conditions g\u00e9n\u00e9rales d\u2019utilisation, r\u00e9visables \u00e0 tout moment, s\u2019appliquent \u00e0 l\u2019ensemble des produits ARCHIPAD et services Option Synchronisation (ci-apr\u00e8s les Produits et Services), et le site <\/span><a href=\"https:\/\/archipad.com\/fr\/\"><span style=\"font-weight: 400;\">www.archipad.com<\/span><\/a><span style=\"font-weight: 400;\">. Elles compl\u00e8tent les conditions g\u00e9n\u00e9rales de vente accessibles au lien suivant\u00a0: <\/span><span style=\"font-weight: 400;\">https:\/\/www.archipad.com\/conditions-generales-de-vente\u00a0<\/span><\/p><p><span style=\"font-weight: 400;\">L\u2019acc\u00e8s et l\u2019utilisation des Produits et Services, ainsi que l\u2019utilisation du site, entra\u00eenent l&rsquo;acceptation expresse et sans r\u00e9serve de l\u2019ensemble des pr\u00e9sentes Conditions G\u00e9n\u00e9rales d\u2019Utilisation (CGU) par l&rsquo;utilisateur.\u00a0<\/span><\/p><p><span style=\"font-weight: 400;\">L\u2019utilisateur confirme donc avoir lu et compris l\u2019int\u00e9gralit\u00e9 des pr\u00e9sentes Conditions G\u00e9n\u00e9rales d\u2019Utilisation avant toute utilisation des produits et services, ainsi que le site <\/span><a href=\"https:\/\/archipad.com\/fr\/\"><span style=\"font-weight: 400;\">www.archipad.com<\/span><\/a><span style=\"font-weight: 400;\">, et s\u2019engagent \u00e0 les respecter.\u00a0<\/span><\/p><h2><b>2- Abonnement<\/b><\/h2><p><span style=\"font-weight: 400;\">Pour la bonne compr\u00e9hension des pr\u00e9sentes, il est pr\u00e9cis\u00e9 que, par\u00a0<\/span><\/p><ul><li style=\"font-weight: 400;\" aria-level=\"1\"><span style=\"font-weight: 400;\">\u00ab abonn\u00e9 \u00bb, on entend la personne physique ou morale ayant souscrit une licence d&rsquo;utilisation des produits et\/ou services\u00a0;<\/span><\/li><li style=\"font-weight: 400;\" aria-level=\"1\"><span style=\"font-weight: 400;\">par \u00ab utilisateur \u00bb, la personne physique ayant un acc\u00e8s aux produits et\/ou services par le biais de l\u2019abonnement souscrit par le Client, conform\u00e9ment aux offres de BIGSOOL\u00a0<\/span><\/li><li style=\"font-weight: 400;\" aria-level=\"1\"><span style=\"font-weight: 400;\">\u00ab\u00a0utilisateur du site\u00a0\u00bb, toute personne visitant le site <\/span><a href=\"https:\/\/archipad.com\/fr\/\"><span style=\"font-weight: 400;\">www.archipad.com<\/span><\/a><\/li><\/ul><p><span style=\"font-weight: 400;\">L&rsquo;acc\u00e8s aux produits et services se fait par abonnement dans le cadre d\u2019une licence d\u2019utilisation. Cette licence d\u2019utilisation est \u00e0 caract\u00e8re non exclusif et non transmissible \u00e0 des tiers.\u00a0<\/span><\/p><p><span style=\"font-weight: 400;\">L&rsquo;abonnement est souscrit pour une p\u00e9riode (ann\u00e9e civile, p\u00e9riode calendaire). Le renouvellement de l\u2019abonnement se fait par tacite reconduction, sauf opposition de la part de l\u2019abonn\u00e9. L\u2019abonn\u00e9 devra notifier par courriel au service commercial (<\/span><a href=\"mailto:sales@archipad.com\"><span style=\"font-weight: 400;\">sales@archipad.com<\/span><\/a><span style=\"font-weight: 400;\">) sa volont\u00e9 de r\u00e9silier son abonnement au plus tard deux mois avant la date d\u2019expiration de l\u2019abonnement.<\/span><\/p><p><span style=\"font-weight: 400;\">La fin de l\u2019abonnement aux produits et services rend leur acc\u00e8s indisponible.\u00a0<\/span><\/p><p><span style=\"font-weight: 400;\">L&rsquo;abonn\u00e9 s&rsquo;engage \u00e0 informer le service commercial de BIGSOOL de toute modification des informations communiqu\u00e9es lors de sa commande, notamment des coordonn\u00e9es de facturation, r\u00e9f\u00e9rences bancaires ou num\u00e9ro de carte bancaire.<\/span><\/p><p><span style=\"font-weight: 400;\">Pour acc\u00e9der au service, l\u2019abonn\u00e9 re\u00e7oit par courriel un lien pour activer son compte. Le lien d\u2019activation a une dur\u00e9e limit\u00e9e. L\u2019abonn\u00e9 doit d\u00e9finir lui-m\u00eame un mot de passe. BIGSOOL n\u2019a jamais acc\u00e8s aux mots de passe de ses clients.\u00a0<\/span><\/p><p><span style=\"font-weight: 400;\">Le lien d\u2019activation communiqu\u00e9 par BIGSOOL et le mot de passe cr\u00e9\u00e9 par l\u2019utilisateur sont strictement personnels, confidentiels et non transmissibles. Leur utilisation est plac\u00e9e sous la seule responsabilit\u00e9 de l\u2019abonn\u00e9.\u00a0<\/span><\/p><p><span style=\"font-weight: 400;\">L&rsquo;abonn\u00e9 s&rsquo;engage \u00e0 limiter strictement l&rsquo;acc\u00e8s aux produits et services aux seuls utilisateurs finaux tels que vis\u00e9s dans la facture \u00e9tablie par BIGSOOL. L\u2019abonn\u00e9 est seul responsable d&rsquo;une violation quelconque des obligations pr\u00e9vues aux pr\u00e9sentes par l&rsquo;un des utilisateurs finaux.<\/span><\/p><p><span style=\"font-weight: 400;\">Afin de respecter la confidentialit\u00e9 de ces \u00e9l\u00e9ments d&rsquo;identification, l\u2019abonn\u00e9 garantit\u00a0qu\u2019il avertira sans d\u00e9lai le service commercial de BIGSOOL\u00a0:<\/span><\/p><ul><li style=\"font-weight: 400;\" aria-level=\"1\"><span style=\"font-weight: 400;\">en cas de perte ou de vol des \u00e9l\u00e9ments d&rsquo;identification, avec confirmation par courrier recommand\u00e9 avec AR\u00a0;<\/span><\/li><li style=\"font-weight: 400;\" aria-level=\"1\"><span style=\"font-weight: 400;\">de la sortie d\u2019un utilisateur final de ses effectifs, afin de permettre la cl\u00f4ture du (ou des) compte(s) personnel(s) concern\u00e9.<\/span><\/li><\/ul><h2><b>3. Accessibilit\u00e9 aux produits, services et site<\/b><\/h2><p><span style=\"font-weight: 400;\">Les produits et services ainsi que le site <\/span><a href=\"https:\/\/archipad.com\/fr\/\"><span style=\"font-weight: 400;\">www.archipad.com<\/span><\/a><span style=\"font-weight: 400;\">, sont accessibles par le r\u00e9seau Internet 24 heures sur 24 et 7 jours sur 7, sauf cas de force majeure, \u00e9v\u00e9nement hors de contr\u00f4le de BIGSOOL et\/ou de l&rsquo;h\u00e9bergeur du service, pannes \u00e9ventuelles ou interventions de maintenance n\u00e9cessaires pour assurer le bon fonctionnement du service. Ces derni\u00e8res ne donnent lieu \u00e0 aucune indemnit\u00e9.<\/span><\/p><p><span style=\"font-weight: 400;\">Le service technique est \u00e0 la disposition de l\u2019abonn\u00e9 du lundi au vendredi de 9h-12h et de 14h-17h30\u00a0: par mail <\/span><a href=\"mailto:support@ARCHIPAD.com\"><span style=\"font-weight: 400;\">support@ARCHIPAD.com<\/span><\/a><span style=\"font-weight: 400;\"> t\u00e9l\u00e9phone\u00a0: <\/span><span style=\"font-weight: 400;\">+33. 4.22.72.01.55<\/span><\/p><p><span style=\"font-weight: 400;\">BIGSOOL s&rsquo;engage \u00e0 mettre en \u0153uvre tous les moyens dont il dispose pour assurer une bonne qualit\u00e9 d&rsquo;acc\u00e8s au service et assurer la fiabilit\u00e9 et la rapidit\u00e9 de mise en ligne des donn\u00e9es qu&rsquo;il diffuse.<\/span><\/p><p><span style=\"font-weight: 400;\">L&rsquo;Utilisateur du site et l\u2019abonn\u00e9 d\u00e9clarent conna\u00eetre et accepter les caract\u00e9ristiques et les limites de la transmission d&rsquo;informations par le r\u00e9seau Internet, ainsi que les co\u00fbts propres \u00e0 la connexion \u00e0 ce r\u00e9seau. Il leur appartient notamment de s&rsquo;assurer que les caract\u00e9ristiques techniques du mat\u00e9riel et des logiciels qu&rsquo;ils utilisent leur permettent un acc\u00e8s aux produits, services et site dans de bonnes conditions, et de prendre toutes mesures appropri\u00e9es pour \u00eatre prot\u00e9g\u00e9 d&rsquo;une contamination par d&rsquo;\u00e9ventuels programmes malicieux.<\/span><\/p><p><span style=\"font-weight: 400;\">Les produits et services s\u2019adressent \u00e0 des professionnels. Les obligations souscrites par BIGSOOL sont des obligations de moyens. La responsabilit\u00e9 de BIGSOOL, ne saurait, en cons\u00e9quence, \u00eatre engag\u00e9e ni express\u00e9ment ni tacitement, pour quelque dommage que ce soit, subi par l&rsquo;Utilisateur ou par un tiers, r\u00e9sultant directement ou indirectement de l\u2019utilisation des produits et services. En tout \u00e9tat de cause, la responsabilit\u00e9 de BIGSOOL, dans le cas o\u00f9 elle serait retenue, se limitera au pr\u00e9judice direct \u00e0 l\u2019exclusion de tout pr\u00e9judice indirect, de quelque nature que ce soit, tel que notamment toute perte de donn\u00e9es, perte de chance, de r\u00e9sultat ou d\u2019exploitation, ou toute autre perte financi\u00e8re r\u00e9sultant de l\u2019utilisation ou de l\u2019impossibilit\u00e9 d\u2019utiliser les Produits et Services \u00e9tant entendu que le montant total des indemnisations mises \u00e0 la charge de BIGSOOL ne pourra exc\u00e9der toutes causes confondues, toutes p\u00e9nalit\u00e9s \u00e9tant d\u00e9duites, y compris d\u2019\u00e9ventuelles restitutions qui pourront \u00eatre ordonn\u00e9es, notamment en cas de r\u00e9siliation \/ r\u00e9solution des Pr\u00e9sentes, le montant maximum du prix pay\u00e9 par l&rsquo;Utilisateur au titre du Produit ou Service concern\u00e9. La pr\u00e9sente limitation est stipul\u00e9e au regard des prix et redevances consentis et fait partie de l\u2019\u00e9quilibre \u00e9conomique du Contrat. Enfin, le Client renonce \u00e0 tout recours contre BIGSOOL au-del\u00e0 d\u2019une dur\u00e9e de deux (2) ans apr\u00e8s la survenance d\u2019un \u00e9v\u00e8nement dommageable.<\/span><\/p><h2><b>4. Utilisation du contenu des produits, services et site<\/b><\/h2><p><span style=\"font-weight: 400;\">L\u2019ensemble du contenu des produits et services, ainsi que du site, et notamment des textes, commentaires, ouvrages, illustrations et images ainsi que la structure g\u00e9n\u00e9rale, les logiciels, et tous les autres \u00e9l\u00e9ments composant le site et les produits et services de BIGSOOL sont prot\u00e9g\u00e9s par le droit des marques, le droit des brevets, le droit d&rsquo;auteur et par le droit prot\u00e9geant les bases de donn\u00e9es dont BIGSOOL est producteur au sens des articles L 341-1 et suivants du code de la propri\u00e9t\u00e9 intellectuelle, et pour le monde entier.\u00a0<\/span><\/p><p><span style=\"font-weight: 400;\">L&rsquo;acc\u00e8s au service et le droit d&rsquo;usage reconnu \u00e0 l\u2019abonn\u00e9 n&rsquo;entra\u00eenent aucun transfert de droit de quelque sorte que ce soit au b\u00e9n\u00e9fice de l&rsquo;Utilisateur.\u00a0<\/span><\/p><p><span style=\"font-weight: 400;\">L\u2019Utilisateur s\u2019interdit tout usage des produits, services et site \u00e0 d\u2019autres finalit\u00e9s que celles autoris\u00e9es, de m\u00eame qu\u2019il s\u2019interdit de publier, diffuser ou vendre, de quelque mani\u00e8re que ce soit, les contenus auxquels il acc\u00e8de et plus g\u00e9n\u00e9ralement de porter atteinte, directement, indirectement ou par l\u2019interm\u00e9diaire de tiers, pr\u00e9pos\u00e9s ou collaborateurs, de quelque fa\u00e7on que ce soit, aux droits de\u00a0 BIGSOOL.<\/span><\/p><p><span style=\"font-weight: 400;\">\u00a0Le contenu des produits, services et site ne peut donc en aucune mani\u00e8re faire l&rsquo;objet, m\u00eame partiellement, d&rsquo;aucune reproduction, repr\u00e9sentation, pr\u00eat, \u00e9change ou cession, d&rsquo;aucune extraction totale ou partielle de donn\u00e9es et\/ou transfert sur un autre support.\u00a0<\/span><\/p><p><span style=\"font-weight: 400;\">L\u2019Utilisateur et l\u2019utilisateur du site s\u2019interdit notamment de proc\u00e9der \u00e0 toute reproduction, extraction ou r\u00e9utilisation qualitativement ou quantitativement substantielle du contenu des produits, services et site, ainsi qu\u2019\u00e0 l\u2019extraction ou \u00e0 la r\u00e9utilisation r\u00e9p\u00e9t\u00e9e et syst\u00e9matique de parties qualitativement ou quantitativement non substantielles du contenu des produits, services et site. L&rsquo;utilisation de robots, de robots d&rsquo;exploration, d&rsquo;autres logiciels ou de dispositifs automatiques ou de processus manuels visant \u00e0 surveiller ou copier les produits, services et site, ou leur contenu sans autorisation \u00e9crite pr\u00e9alable de BIGSOOL est interdite.<\/span><\/p><p><span style=\"font-weight: 400;\">Toute autre utilisation est soumise \u00e0 autorisation pr\u00e9alable \u00e9crite de BIGSOOL, sous peine de poursuites judiciaires.<\/span><\/p><p><span style=\"font-weight: 400;\">De m\u00eame l\u2019abonn\u00e9 n\u2019est pas autoris\u00e9 \u00e0 :<\/span><\/p><p><span style=\"font-weight: 400;\">&#8211; utiliser des services, des logiciels ou tout dispositif, outil ou processus manuel ou automatique con\u00e7u pour contourner toute restriction, condition ou mesure technologique qui contr\u00f4le l&rsquo;acc\u00e8s aux services de quelque mani\u00e8re que ce soit, y compris en contournant toute fonction de s\u00e9curit\u00e9 ou en contournant tout contr\u00f4le d&rsquo;acc\u00e8s ou toute limite d&rsquo;utilisation des produits et services ;<\/span><\/p><p><span style=\"font-weight: 400;\">&#8211; prendre des mesures qui imposent une charge d\u00e9raisonnable ou disproportionn\u00e9e au r\u00e9seau ou \u00e0 l\u2019infrastructure de BIGSOOL; et<\/span><\/p><p><span style=\"font-weight: 400;\">&#8211; faire quoi que ce soit qui puisse d\u00e9sactiver, endommager ou modifier le fonctionnement ou l&rsquo;apparence des produits et services.<\/span><\/p><h2><b>5. Protection des Donn\u00e9es \u00e0 caract\u00e8re personnel<\/b><\/h2><p><span style=\"font-weight: 400;\">BIGSOOL prend tr\u00e8s au s\u00e9rieux le respect de la vie priv\u00e9e et la protection des donn\u00e9es \u00e0 caract\u00e8re personnel de ses Clients et s\u2019engage \u00e0 mettre en \u0153uvre les mesures ad\u00e9quates pour assurer la protection des donn\u00e9es \u00e0 caract\u00e8re personnel (ci-apr\u00e8s les \u00ab Donn\u00e9es \u00bb) et \u00e0 traiter et utiliser de telles donn\u00e9es dans le respect des dispositions applicables et notamment du R\u00e8glement Europ\u00e9en 2016\/679 du 27 avril 2016 et de la loi n\u00b0 78-17 modifi\u00e9e du 6 janvier 1978, dite \u00ab Loi Informatique et libert\u00e9s \u00bb (ci-apr\u00e8s les \u00ab Dispositions applicables \u00bb). Pour plus d\u2019information sur le traitement des donn\u00e9es \u00e0 caract\u00e8re personnel, la politique de confidentialit\u00e9 de BIGSOOL est accessible \u00e0 l\u2019adresse suivante\u00a0: <\/span><a href=\"https:\/\/archipad.com\/fr\/politique-confidentialite\"><span style=\"font-weight: 400;\">https:\/\/www.archipad.com\/fr\/politique-confidentialite<\/span><\/a><\/p><h2><b>6. R\u00e9siliation\u00a0<\/b><\/h2><p><b>BIGSOOL<\/b><span style=\"font-weight: 400;\"> se r\u00e9serve le droit de r\u00e9silier le contrat d\u2019un Client et de supprimer l\u2019acc\u00e8s aux produits et services sans d\u00e9lai et sans sommation, en cas de non-respect par lui de l&rsquo;une des clauses des pr\u00e9sentes conditions g\u00e9n\u00e9rales d\u2019utilisation, notamment en cas de d\u00e9faut de paiement \u00e0 l&rsquo;\u00e9ch\u00e9ance.\u00a0<\/span><\/p><h2><b>7. Modifications des conditions g\u00e9n\u00e9rales<\/b><\/h2><p><span style=\"font-weight: 400;\">Les pr\u00e9sentes conditions g\u00e9n\u00e9rales d\u2019utilisation sont consultables en ligne sur le site www.archipad.com. Elles sont susceptibles d&rsquo;\u00eatre modifi\u00e9es sans autre formalit\u00e9 que la mise en ligne d&rsquo;une nouvelle version modifi\u00e9e, seule cette derni\u00e8re version \u00e9tant retenue.<\/span><\/p><h2><b>8. Renseignements &#8211; R\u00e9clamations<\/b><\/h2><p><span style=\"font-weight: 400;\">Toute pr\u00e9cision relative \u00e0 l&rsquo;application des pr\u00e9sentes conditions g\u00e9n\u00e9rales d\u2019utilisation, toute demande d&rsquo;information ou r\u00e9clamation relative au fonctionnement des produits et services doit \u00eatre adress\u00e9e au service commercial :<\/span><\/p><ul><li style=\"font-weight: 400;\" aria-level=\"1\"><span style=\"font-weight: 400;\">par E-mail \u00e0 l&rsquo;adresse\u00a0:\u00a0 <\/span><a href=\"mailto:sales@archipad.com\"><span style=\"font-weight: 400;\">sales@ARCHIPAD.com<\/span><\/a><span style=\"font-weight: 400;\">\u00a0<\/span><\/li><li style=\"font-weight: 400;\" aria-level=\"1\"><span style=\"font-weight: 400;\">par courrier \u00e0 l&rsquo;adresse\u00a0:\u00a0BIGSOOL Service commercial, BUSINESS POLE 2, 1047 ROUTE DES DOLINES, 06560 VALBONNE-France<\/span><\/li><li style=\"font-weight: 400;\" aria-level=\"1\"><span style=\"font-weight: 400;\">par t\u00e9l\u00a0:\u00a0+ 33.4.22.13.10.14<\/span><\/li><\/ul><h2><b>9. Loi applicable\u00a0<\/b><\/h2><p><span style=\"font-weight: 400;\">Les pr\u00e9sentes conditions g\u00e9n\u00e9rales d\u2019utilisation sont r\u00e9gies par le droit fran\u00e7ais.\u00a0<\/span><\/p><p><strong>Mise \u00e0 jour le 19.02.2025<\/strong><\/p>\t\t\t\t\t\t\t\t<\/div>\n\t\t\t\t<\/div>\n\t\t\t\t\t<\/div>\n\t\t\t\t<\/div>\n\t\t\t\t<\/div>\n\t\t\t\t<\/div>\n\t\t\t\t\t<\/div>\n\t\t\t\t<\/div>\n\t\t\t\t<\/div>\n\t\t","protected":false},"excerpt":{"rendered":"<p>Conditions g\u00e9n\u00e9rales d&rsquo;utilisation 1-Domaine d&rsquo;application\u00a0 Les pr\u00e9sentes conditions g\u00e9n\u00e9rales d\u2019utilisation, r\u00e9visables \u00e0 tout moment, s\u2019appliquent \u00e0 l\u2019ensemble des produits ARCHIPAD et services Option Synchronisation (ci-apr\u00e8s les Produits et Services), et le site www.archipad.com. Elles compl\u00e8tent les conditions g\u00e9n\u00e9rales de vente accessibles au lien suivant\u00a0: https:\/\/www.archipad.com\/conditions-generales-de-vente\u00a0 L\u2019acc\u00e8s et l\u2019utilisation des Produits et Services, ainsi que l\u2019utilisation [&hellip;]<\/p>\n","protected":false},"author":2,"featured_media":0,"parent":0,"menu_order":0,"comment_status":"closed","ping_status":"closed","template":"","meta":{"_jet_sm_ready_style":"","_jet_sm_style":"","_jet_sm_controls_values":"","_jet_sm_fonts_collection":"","_jet_sm_fonts_links":"","footnotes":""},"class_list":["post-4604","page","type-page","status-publish","hentry"],"_links":{"self":[{"href":"https:\/\/archipad.com\/fr\/wp-json\/wp\/v2\/pages\/4604","targetHints":{"allow":["GET"]}}],"collection":[{"href":"https:\/\/archipad.com\/fr\/wp-json\/wp\/v2\/pages"}],"about":[{"href":"https:\/\/archipad.com\/fr\/wp-json\/wp\/v2\/types\/page"}],"author":[{"embeddable":true,"href":"https:\/\/archipad.com\/fr\/wp-json\/wp\/v2\/users\/2"}],"replies":[{"embeddable":true,"href":"https:\/\/archipad.com\/fr\/wp-json\/wp\/v2\/comments?post=4604"}],"version-history":[{"count":0,"href":"https:\/\/archipad.com\/fr\/wp-json\/wp\/v2\/pages\/4604\/revisions"}],"wp:attachment":[{"href":"https:\/\/archipad.com\/fr\/wp-json\/wp\/v2\/media?parent=4604"}],"curies":[{"name":"wp","href":"https:\/\/api.w.org\/{rel}","templated":true}]}}