{"id":11247,"date":"2023-07-20T09:35:48","date_gmt":"2023-07-20T09:35:48","guid":{"rendered":"https:\/\/archipad.com\/manual-de-usario-archipad\/"},"modified":"2023-10-08T09:03:50","modified_gmt":"2023-10-08T09:03:50","slug":"manual-de-usario-archipad","status":"publish","type":"page","link":"https:\/\/archipad.com\/es\/manual-de-usario-archipad\/","title":{"rendered":"Manual de usario Archipad"},"content":{"rendered":"\t\t<div data-elementor-type=\"wp-page\" data-elementor-id=\"11247\" class=\"elementor elementor-11247 elementor-4705\" data-elementor-post-type=\"page\">\n\t\t\t\t<div class=\"elementor-element elementor-element-30b6a89 e-flex e-con-boxed e-con e-parent\" data-id=\"30b6a89\" data-element_type=\"container\" data-e-type=\"container\" data-settings=\"{&quot;background_background&quot;:&quot;classic&quot;,&quot;jet_parallax_layout_list&quot;:[]}\">\n\t\t\t\t\t<div class=\"e-con-inner\">\n\t\t<div class=\"elementor-element elementor-element-5804935 e-con-full e-flex e-con e-parent\" data-id=\"5804935\" data-element_type=\"container\" data-e-type=\"container\" data-settings=\"{&quot;jet_parallax_layout_list&quot;:[]}\">\n\t\t<div class=\"elementor-element elementor-element-6701419 e-con-full e-flex e-con e-parent\" data-id=\"6701419\" data-element_type=\"container\" data-e-type=\"container\" data-settings=\"{&quot;jet_parallax_layout_list&quot;:[]}\">\n\t\t<div class=\"elementor-element elementor-element-c18fb3f e-flex e-con-boxed e-con e-parent\" data-id=\"c18fb3f\" data-element_type=\"container\" data-e-type=\"container\" data-settings=\"{&quot;jet_parallax_layout_list&quot;:[]}\">\n\t\t\t\t\t<div class=\"e-con-inner\">\n\t\t\t\t<div class=\"elementor-element elementor-element-32d3930 elementor-widget__width-auto elementor-widget-divider--view-line elementor-widget elementor-widget-divider\" data-id=\"32d3930\" data-element_type=\"widget\" data-e-type=\"widget\" data-widget_type=\"divider.default\">\n\t\t\t\t<div class=\"elementor-widget-container\">\n\t\t\t\t\t\t\t<div class=\"elementor-divider\">\n\t\t\t<span class=\"elementor-divider-separator\">\n\t\t\t\t\t\t<\/span>\n\t\t<\/div>\n\t\t\t\t\t\t<\/div>\n\t\t\t\t<\/div>\n\t\t\t\t<div class=\"elementor-element elementor-element-5bd5ad4 elementor-widget__width-auto elementor-widget-mobile__width-inherit elementor-widget elementor-widget-heading\" data-id=\"5bd5ad4\" data-element_type=\"widget\" data-e-type=\"widget\" data-widget_type=\"heading.default\">\n\t\t\t\t<div class=\"elementor-widget-container\">\n\t\t\t\t\t<h1 class=\"elementor-heading-title elementor-size-default\">Manual de usario Archipad<\/h1>\t\t\t\t<\/div>\n\t\t\t\t<\/div>\n\t\t\t\t<div class=\"elementor-element elementor-element-f1436c8 elementor-widget elementor-widget-text-editor\" data-id=\"f1436c8\" data-element_type=\"widget\" data-e-type=\"widget\" data-widget_type=\"text-editor.default\">\n\t\t\t\t<div class=\"elementor-widget-container\">\n\t\t\t\t\t\t\t\t\t<p>Le proponemos quatro manuales de usuario<\/p>\n\t\t\t\t\t\t\t\t<\/div>\n\t\t\t\t<\/div>\n\t\t\t\t\t<\/div>\n\t\t\t\t<\/div>\n\t\t\t\t<\/div>\n\t\t<div class=\"elementor-element elementor-element-f6717a2 e-con-full e-flex e-con e-parent\" data-id=\"f6717a2\" data-element_type=\"container\" data-e-type=\"container\" data-settings=\"{&quot;jet_parallax_layout_list&quot;:[]}\">\n\t\t<div class=\"elementor-element elementor-element-d7c8dc4 e-flex e-con-boxed e-con e-parent\" data-id=\"d7c8dc4\" data-element_type=\"container\" data-e-type=\"container\" data-settings=\"{&quot;jet_parallax_layout_list&quot;:[]}\">\n\t\t\t\t\t<div class=\"e-con-inner\">\n\t\t\t\t<div class=\"elementor-element elementor-element-dd9b950 elementor-widget elementor-widget-jet-listing-grid\" data-id=\"dd9b950\" data-element_type=\"widget\" data-e-type=\"widget\" data-settings=\"{&quot;columns&quot;:&quot;4&quot;,&quot;columns_tablet&quot;:&quot;2&quot;,&quot;columns_mobile&quot;:&quot;1&quot;}\" data-widget_type=\"jet-listing-grid.default\">\n\t\t\t\t<div class=\"elementor-widget-container\">\n\t\t\t\t\t<div class=\"jet-listing-grid jet-listing\"><div class=\"jet-listing-grid__items grid-col-desk-4 grid-col-tablet-2 grid-col-mobile-1 jet-listing-grid--4707\" data-queried-id=\"11247|WP_Post\" data-nav=\"{&quot;enabled&quot;:false,&quot;type&quot;:null,&quot;more_el&quot;:null,&quot;query&quot;:[],&quot;widget_settings&quot;:{&quot;lisitng_id&quot;:4707,&quot;posts_num&quot;:6,&quot;columns&quot;:4,&quot;columns_tablet&quot;:2,&quot;columns_mobile&quot;:1,&quot;column_min_width&quot;:240,&quot;column_min_width_tablet&quot;:240,&quot;column_min_width_mobile&quot;:240,&quot;inline_columns_css&quot;:false,&quot;is_archive_template&quot;:&quot;&quot;,&quot;post_status&quot;:[&quot;publish&quot;],&quot;use_random_posts_num&quot;:&quot;&quot;,&quot;max_posts_num&quot;:9,&quot;not_found_message&quot;:&quot;No se han encontrado datos&quot;,&quot;is_masonry&quot;:false,&quot;equal_columns_height&quot;:&quot;&quot;,&quot;use_load_more&quot;:&quot;&quot;,&quot;load_more_id&quot;:&quot;&quot;,&quot;load_more_type&quot;:&quot;click&quot;,&quot;load_more_offset&quot;:{&quot;unit&quot;:&quot;px&quot;,&quot;size&quot;:0,&quot;sizes&quot;:[]},&quot;use_custom_post_types&quot;:&quot;&quot;,&quot;custom_post_types&quot;:[],&quot;hide_widget_if&quot;:&quot;&quot;,&quot;carousel_enabled&quot;:&quot;&quot;,&quot;slides_to_scroll&quot;:&quot;1&quot;,&quot;arrows&quot;:&quot;true&quot;,&quot;arrow_icon&quot;:&quot;fa fa-angle-left&quot;,&quot;dots&quot;:&quot;&quot;,&quot;autoplay&quot;:&quot;true&quot;,&quot;pause_on_hover&quot;:&quot;true&quot;,&quot;autoplay_speed&quot;:5000,&quot;infinite&quot;:&quot;true&quot;,&quot;center_mode&quot;:&quot;&quot;,&quot;effect&quot;:&quot;slide&quot;,&quot;speed&quot;:500,&quot;inject_alternative_items&quot;:&quot;&quot;,&quot;injection_items&quot;:[],&quot;scroll_slider_enabled&quot;:&quot;&quot;,&quot;scroll_slider_on&quot;:[&quot;desktop&quot;,&quot;tablet&quot;,&quot;mobile&quot;],&quot;custom_query&quot;:false,&quot;custom_query_id&quot;:&quot;&quot;,&quot;_element_id&quot;:&quot;&quot;,&quot;collapse_first_last_gap&quot;:false,&quot;list_tag_selection&quot;:&quot;&quot;,&quot;list_items_wrapper_tag&quot;:&quot;div&quot;,&quot;list_item_tag&quot;:&quot;div&quot;,&quot;empty_items_wrapper_tag&quot;:&quot;div&quot;}}\" data-page=\"1\" data-pages=\"1\" data-listing-source=\"posts\" data-listing-id=\"4707\" data-query-id=\"\"><div class=\"jet-listing-grid__item jet-listing-dynamic-post-10475\" data-post-id=\"10475\"  ><div class=\"jet-engine-listing-overlay-wrap\" data-url=\"https:\/\/archipad.com\/wp-content\/uploads\/2024\/05\/PPT_Archipad_EN.pdf\" data-target=\"_blank\">\t\t<div data-elementor-type=\"jet-listing-items\" data-elementor-id=\"4707\" class=\"elementor elementor-4707\" data-elementor-post-type=\"jet-engine\">\n\t\t\t\t<div class=\"elementor-element elementor-element-de85ef9 e-flex e-con-boxed e-con e-parent\" data-id=\"de85ef9\" data-element_type=\"container\" data-e-type=\"container\" data-settings=\"{&quot;jet_parallax_layout_list&quot;:[]}\">\n\t\t\t\t\t<div class=\"e-con-inner\">\n\t\t\t\t<div class=\"jet-popup-target elementor-element elementor-element-55ed25b elementor-widget elementor-widget-image\" data-jet-popup=\"{&quot;attached-popup&quot;:&quot;jet-popup-&quot;,&quot;trigger-type&quot;:&quot;none&quot;,&quot;trigger-custom-selector&quot;:&quot;&quot;}\" data-id=\"55ed25b\" data-element_type=\"widget\" data-e-type=\"widget\" data-widget_type=\"image.default\">\n\t\t\t\t<div class=\"elementor-widget-container\">\n\t\t\t\t\t\t\t\t\t\t\t\t\t\t\t<img fetchpriority=\"high\" decoding=\"async\" width=\"562\" height=\"785\" src=\"https:\/\/archipad.com\/wp-content\/uploads\/2023\/07\/es-Brochure-presentation.png\" class=\"elementor-animation-grow attachment-full size-full wp-image-11235\" alt=\"\" srcset=\"https:\/\/archipad.com\/wp-content\/uploads\/2023\/07\/es-Brochure-presentation.png 562w, https:\/\/archipad.com\/wp-content\/uploads\/2023\/07\/es-Brochure-presentation-215x300.png 215w\" sizes=\"(max-width: 562px) 100vw, 562px\" \/>\t\t\t\t\t\t\t\t\t\t\t\t\t\t\t<\/div>\n\t\t\t\t<\/div>\n\t\t<div class=\"elementor-element elementor-element-6a8155c e-flex e-con-boxed e-con e-child\" data-id=\"6a8155c\" data-element_type=\"container\" data-e-type=\"container\" data-settings=\"{&quot;jet_parallax_layout_list&quot;:[]}\">\n\t\t\t\t\t<div class=\"e-con-inner\">\n\t\t\t\t<div class=\"elementor-element elementor-element-13cdf45 elementor-widget elementor-widget-heading\" data-id=\"13cdf45\" data-element_type=\"widget\" data-e-type=\"widget\" data-widget_type=\"heading.default\">\n\t\t\t\t<div class=\"elementor-widget-container\">\n\t\t\t\t\t<h2 class=\"elementor-heading-title elementor-size-default\">Folleto de presentaci\u00f3n<\/h2>\t\t\t\t<\/div>\n\t\t\t\t<\/div>\n\t\t\t\t<div class=\"elementor-element elementor-element-4109ac7 elementor-widget elementor-widget-text-editor\" data-id=\"4109ac7\" data-element_type=\"widget\" data-e-type=\"widget\" data-widget_type=\"text-editor.default\">\n\t\t\t\t<div class=\"elementor-widget-container\">\n\t\t\t\t\t\t\t\t\tEn el folleto de presentaci\u00f3n descubrir\u00e1s las principales caracter\u00edsticas de Archipad, sus diferentes usos, sus ofertas y mucho m\u00e1s.\t\t\t\t\t\t\t\t<\/div>\n\t\t\t\t<\/div>\n\t\t\t\t<div class=\"elementor-element elementor-element-7bca598 elementor-mobile-align-justify elementor-widget elementor-widget-button\" data-id=\"7bca598\" data-element_type=\"widget\" data-e-type=\"widget\" data-widget_type=\"button.default\">\n\t\t\t\t<div class=\"elementor-widget-container\">\n\t\t\t\t\t\t\t\t\t<div class=\"elementor-button-wrapper\">\n\t\t\t\t\t<a class=\"elementor-button elementor-button-link elementor-size-sm\" href=\"https:\/\/archipad.com\/wp-content\/uploads\/2024\/05\/PPT_Archipad_EN.pdf\">\n\t\t\t\t\t\t<span class=\"elementor-button-content-wrapper\">\n\t\t\t\t\t\t<span class=\"elementor-button-icon\">\n\t\t\t\t<svg aria-hidden=\"true\" class=\"e-font-icon-svg e-fas-arrow-down\" viewBox=\"0 0 448 512\" xmlns=\"http:\/\/www.w3.org\/2000\/svg\"><path d=\"M413.1 222.5l22.2 22.2c9.4 9.4 9.4 24.6 0 33.9L241 473c-9.4 9.4-24.6 9.4-33.9 0L12.7 278.6c-9.4-9.4-9.4-24.6 0-33.9l22.2-22.2c9.5-9.5 25-9.3 34.3.4L184 343.4V56c0-13.3 10.7-24 24-24h32c13.3 0 24 10.7 24 24v287.4l114.8-120.5c9.3-9.8 24.8-10 34.3-.4z\"><\/path><\/svg>\t\t\t<\/span>\n\t\t\t\t\t\t\t\t\t<span class=\"elementor-button-text\">Descargar<\/span>\n\t\t\t\t\t<\/span>\n\t\t\t\t\t<\/a>\n\t\t\t\t<\/div>\n\t\t\t\t\t\t\t\t<\/div>\n\t\t\t\t<\/div>\n\t\t\t\t\t<\/div>\n\t\t\t\t<\/div>\n\t\t\t\t\t<\/div>\n\t\t\t\t<\/div>\n\t\t\t\t<\/div>\n\t\t<a href=\"https:\/\/archipad.com\/wp-content\/uploads\/2024\/05\/PPT_Archipad_EN.pdf\" class=\"jet-engine-listing-overlay-link\" target=\"_blank\"><\/a><\/div><\/div><div class=\"jet-listing-grid__item jet-listing-dynamic-post-10474\" data-post-id=\"10474\"  ><div class=\"jet-engine-listing-overlay-wrap\" data-url=\"https:\/\/archipad.com\/wp-content\/uploads\/2026\/02\/Guide-de-demarrage-EN.pdf\" data-target=\"_blank\">\t\t<div data-elementor-type=\"jet-listing-items\" data-elementor-id=\"4707\" class=\"elementor elementor-4707\" data-elementor-post-type=\"jet-engine\">\n\t\t\t\t<div class=\"elementor-element elementor-element-de85ef9 e-flex e-con-boxed e-con e-parent\" data-id=\"de85ef9\" data-element_type=\"container\" data-e-type=\"container\" data-settings=\"{&quot;jet_parallax_layout_list&quot;:[]}\">\n\t\t\t\t\t<div class=\"e-con-inner\">\n\t\t\t\t<div class=\"jet-popup-target elementor-element elementor-element-55ed25b elementor-widget elementor-widget-image\" data-jet-popup=\"{&quot;attached-popup&quot;:&quot;jet-popup-&quot;,&quot;trigger-type&quot;:&quot;none&quot;,&quot;trigger-custom-selector&quot;:&quot;&quot;}\" data-id=\"55ed25b\" data-element_type=\"widget\" data-e-type=\"widget\" data-widget_type=\"image.default\">\n\t\t\t\t<div class=\"elementor-widget-container\">\n\t\t\t\t\t\t\t\t\t\t\t\t\t\t\t<img decoding=\"async\" width=\"562\" height=\"785\" src=\"https:\/\/archipad.com\/wp-content\/uploads\/2023\/07\/es-Guide-demarrage.png\" class=\"elementor-animation-grow attachment-full size-full wp-image-11230\" alt=\"\" srcset=\"https:\/\/archipad.com\/wp-content\/uploads\/2023\/07\/es-Guide-demarrage.png 562w, https:\/\/archipad.com\/wp-content\/uploads\/2023\/07\/es-Guide-demarrage-215x300.png 215w\" sizes=\"(max-width: 562px) 100vw, 562px\" \/>\t\t\t\t\t\t\t\t\t\t\t\t\t\t\t<\/div>\n\t\t\t\t<\/div>\n\t\t<div class=\"elementor-element elementor-element-6a8155c e-flex e-con-boxed e-con e-child\" data-id=\"6a8155c\" data-element_type=\"container\" data-e-type=\"container\" data-settings=\"{&quot;jet_parallax_layout_list&quot;:[]}\">\n\t\t\t\t\t<div class=\"e-con-inner\">\n\t\t\t\t<div class=\"elementor-element elementor-element-13cdf45 elementor-widget elementor-widget-heading\" data-id=\"13cdf45\" data-element_type=\"widget\" data-e-type=\"widget\" data-widget_type=\"heading.default\">\n\t\t\t\t<div class=\"elementor-widget-container\">\n\t\t\t\t\t<h2 class=\"elementor-heading-title elementor-size-default\">Gu\u00eda de inicio<\/h2>\t\t\t\t<\/div>\n\t\t\t\t<\/div>\n\t\t\t\t<div class=\"elementor-element elementor-element-4109ac7 elementor-widget elementor-widget-text-editor\" data-id=\"4109ac7\" data-element_type=\"widget\" data-e-type=\"widget\" data-widget_type=\"text-editor.default\">\n\t\t\t\t<div class=\"elementor-widget-container\">\n\t\t\t\t\t\t\t\t\tEn la gu\u00eda de inicio r\u00e1pido , aprender\u00e1 a comenzar cuanto antes con Archipad.\t\t\t\t\t\t\t\t<\/div>\n\t\t\t\t<\/div>\n\t\t\t\t<div class=\"elementor-element elementor-element-7bca598 elementor-mobile-align-justify elementor-widget elementor-widget-button\" data-id=\"7bca598\" data-element_type=\"widget\" data-e-type=\"widget\" data-widget_type=\"button.default\">\n\t\t\t\t<div class=\"elementor-widget-container\">\n\t\t\t\t\t\t\t\t\t<div class=\"elementor-button-wrapper\">\n\t\t\t\t\t<a class=\"elementor-button elementor-button-link elementor-size-sm\" href=\"https:\/\/archipad.com\/wp-content\/uploads\/2026\/02\/Guide-de-demarrage-EN.pdf\">\n\t\t\t\t\t\t<span class=\"elementor-button-content-wrapper\">\n\t\t\t\t\t\t<span class=\"elementor-button-icon\">\n\t\t\t\t<svg aria-hidden=\"true\" class=\"e-font-icon-svg e-fas-arrow-down\" viewBox=\"0 0 448 512\" xmlns=\"http:\/\/www.w3.org\/2000\/svg\"><path d=\"M413.1 222.5l22.2 22.2c9.4 9.4 9.4 24.6 0 33.9L241 473c-9.4 9.4-24.6 9.4-33.9 0L12.7 278.6c-9.4-9.4-9.4-24.6 0-33.9l22.2-22.2c9.5-9.5 25-9.3 34.3.4L184 343.4V56c0-13.3 10.7-24 24-24h32c13.3 0 24 10.7 24 24v287.4l114.8-120.5c9.3-9.8 24.8-10 34.3-.4z\"><\/path><\/svg>\t\t\t<\/span>\n\t\t\t\t\t\t\t\t\t<span class=\"elementor-button-text\">Descargar<\/span>\n\t\t\t\t\t<\/span>\n\t\t\t\t\t<\/a>\n\t\t\t\t<\/div>\n\t\t\t\t\t\t\t\t<\/div>\n\t\t\t\t<\/div>\n\t\t\t\t\t<\/div>\n\t\t\t\t<\/div>\n\t\t\t\t\t<\/div>\n\t\t\t\t<\/div>\n\t\t\t\t<\/div>\n\t\t<a href=\"https:\/\/archipad.com\/wp-content\/uploads\/2026\/02\/Guide-de-demarrage-EN.pdf\" class=\"jet-engine-listing-overlay-link\" target=\"_blank\"><\/a><\/div><\/div><div class=\"jet-listing-grid__item jet-listing-dynamic-post-10473\" data-post-id=\"10473\"  ><div class=\"jet-engine-listing-overlay-wrap\" data-url=\"https:\/\/archipad.com\/wp-content\/uploads\/2024\/05\/manual-en.pdf\" data-target=\"_blank\">\t\t<div data-elementor-type=\"jet-listing-items\" data-elementor-id=\"4707\" class=\"elementor elementor-4707\" data-elementor-post-type=\"jet-engine\">\n\t\t\t\t<div class=\"elementor-element elementor-element-de85ef9 e-flex e-con-boxed e-con e-parent\" data-id=\"de85ef9\" data-element_type=\"container\" data-e-type=\"container\" data-settings=\"{&quot;jet_parallax_layout_list&quot;:[]}\">\n\t\t\t\t\t<div class=\"e-con-inner\">\n\t\t\t\t<div class=\"jet-popup-target elementor-element elementor-element-55ed25b elementor-widget elementor-widget-image\" data-jet-popup=\"{&quot;attached-popup&quot;:&quot;jet-popup-&quot;,&quot;trigger-type&quot;:&quot;none&quot;,&quot;trigger-custom-selector&quot;:&quot;&quot;}\" data-id=\"55ed25b\" data-element_type=\"widget\" data-e-type=\"widget\" data-widget_type=\"image.default\">\n\t\t\t\t<div class=\"elementor-widget-container\">\n\t\t\t\t\t\t\t\t\t\t\t\t\t\t\t<img decoding=\"async\" width=\"562\" height=\"785\" src=\"https:\/\/archipad.com\/wp-content\/uploads\/2023\/07\/es-Manuel-reference.png\" class=\"elementor-animation-grow attachment-full size-full wp-image-11225\" alt=\"\" srcset=\"https:\/\/archipad.com\/wp-content\/uploads\/2023\/07\/es-Manuel-reference.png 562w, https:\/\/archipad.com\/wp-content\/uploads\/2023\/07\/es-Manuel-reference-215x300.png 215w\" sizes=\"(max-width: 562px) 100vw, 562px\" \/>\t\t\t\t\t\t\t\t\t\t\t\t\t\t\t<\/div>\n\t\t\t\t<\/div>\n\t\t<div class=\"elementor-element elementor-element-6a8155c e-flex e-con-boxed e-con e-child\" data-id=\"6a8155c\" data-element_type=\"container\" data-e-type=\"container\" data-settings=\"{&quot;jet_parallax_layout_list&quot;:[]}\">\n\t\t\t\t\t<div class=\"e-con-inner\">\n\t\t\t\t<div class=\"elementor-element elementor-element-13cdf45 elementor-widget elementor-widget-heading\" data-id=\"13cdf45\" data-element_type=\"widget\" data-e-type=\"widget\" data-widget_type=\"heading.default\">\n\t\t\t\t<div class=\"elementor-widget-container\">\n\t\t\t\t\t<h2 class=\"elementor-heading-title elementor-size-default\">Manual de referencia<\/h2>\t\t\t\t<\/div>\n\t\t\t\t<\/div>\n\t\t\t\t<div class=\"elementor-element elementor-element-4109ac7 elementor-widget elementor-widget-text-editor\" data-id=\"4109ac7\" data-element_type=\"widget\" data-e-type=\"widget\" data-widget_type=\"text-editor.default\">\n\t\t\t\t<div class=\"elementor-widget-container\">\n\t\t\t\t\t\t\t\t\tEn el manual de referencia detallado, descubrir\u00e1 a qu\u00e9 sirve cada bot\u00f3n, opci\u00f3n y campo en Archipad.\t\t\t\t\t\t\t\t<\/div>\n\t\t\t\t<\/div>\n\t\t\t\t<div class=\"elementor-element elementor-element-7bca598 elementor-mobile-align-justify elementor-widget elementor-widget-button\" data-id=\"7bca598\" data-element_type=\"widget\" data-e-type=\"widget\" data-widget_type=\"button.default\">\n\t\t\t\t<div class=\"elementor-widget-container\">\n\t\t\t\t\t\t\t\t\t<div class=\"elementor-button-wrapper\">\n\t\t\t\t\t<a class=\"elementor-button elementor-button-link elementor-size-sm\" href=\"https:\/\/archipad.com\/wp-content\/uploads\/2024\/05\/manual-en.pdf\">\n\t\t\t\t\t\t<span class=\"elementor-button-content-wrapper\">\n\t\t\t\t\t\t<span class=\"elementor-button-icon\">\n\t\t\t\t<svg aria-hidden=\"true\" class=\"e-font-icon-svg e-fas-arrow-down\" viewBox=\"0 0 448 512\" xmlns=\"http:\/\/www.w3.org\/2000\/svg\"><path d=\"M413.1 222.5l22.2 22.2c9.4 9.4 9.4 24.6 0 33.9L241 473c-9.4 9.4-24.6 9.4-33.9 0L12.7 278.6c-9.4-9.4-9.4-24.6 0-33.9l22.2-22.2c9.5-9.5 25-9.3 34.3.4L184 343.4V56c0-13.3 10.7-24 24-24h32c13.3 0 24 10.7 24 24v287.4l114.8-120.5c9.3-9.8 24.8-10 34.3-.4z\"><\/path><\/svg>\t\t\t<\/span>\n\t\t\t\t\t\t\t\t\t<span class=\"elementor-button-text\">Descargar<\/span>\n\t\t\t\t\t<\/span>\n\t\t\t\t\t<\/a>\n\t\t\t\t<\/div>\n\t\t\t\t\t\t\t\t<\/div>\n\t\t\t\t<\/div>\n\t\t\t\t\t<\/div>\n\t\t\t\t<\/div>\n\t\t\t\t\t<\/div>\n\t\t\t\t<\/div>\n\t\t\t\t<\/div>\n\t\t<a href=\"https:\/\/archipad.com\/wp-content\/uploads\/2024\/05\/manual-en.pdf\" class=\"jet-engine-listing-overlay-link\" target=\"_blank\"><\/a><\/div><\/div><div class=\"jet-listing-grid__item jet-listing-dynamic-post-10472\" data-post-id=\"10472\"  ><div class=\"jet-engine-listing-overlay-wrap\" data-url=\"https:\/\/archipad.com\/wp-content\/uploads\/2024\/05\/Quick-Strat-Guide-DigitForm-EN.pdf\" data-target=\"_blank\">\t\t<div data-elementor-type=\"jet-listing-items\" data-elementor-id=\"4707\" class=\"elementor elementor-4707\" data-elementor-post-type=\"jet-engine\">\n\t\t\t\t<div class=\"elementor-element elementor-element-de85ef9 e-flex e-con-boxed e-con e-parent\" data-id=\"de85ef9\" data-element_type=\"container\" data-e-type=\"container\" data-settings=\"{&quot;jet_parallax_layout_list&quot;:[]}\">\n\t\t\t\t\t<div class=\"e-con-inner\">\n\t\t\t\t<div class=\"jet-popup-target elementor-element elementor-element-55ed25b elementor-widget elementor-widget-image\" data-jet-popup=\"{&quot;attached-popup&quot;:&quot;jet-popup-&quot;,&quot;trigger-type&quot;:&quot;none&quot;,&quot;trigger-custom-selector&quot;:&quot;&quot;}\" data-id=\"55ed25b\" data-element_type=\"widget\" data-e-type=\"widget\" data-widget_type=\"image.default\">\n\t\t\t\t<div class=\"elementor-widget-container\">\n\t\t\t\t\t\t\t\t\t\t\t\t\t\t\t<img loading=\"lazy\" decoding=\"async\" width=\"562\" height=\"785\" src=\"https:\/\/archipad.com\/wp-content\/uploads\/2023\/07\/es-Guide-digitform.png\" class=\"elementor-animation-grow attachment-full size-full wp-image-11220\" alt=\"\" srcset=\"https:\/\/archipad.com\/wp-content\/uploads\/2023\/07\/es-Guide-digitform.png 562w, https:\/\/archipad.com\/wp-content\/uploads\/2023\/07\/es-Guide-digitform-215x300.png 215w\" sizes=\"(max-width: 562px) 100vw, 562px\" \/>\t\t\t\t\t\t\t\t\t\t\t\t\t\t\t<\/div>\n\t\t\t\t<\/div>\n\t\t<div class=\"elementor-element elementor-element-6a8155c e-flex e-con-boxed e-con e-child\" data-id=\"6a8155c\" data-element_type=\"container\" data-e-type=\"container\" data-settings=\"{&quot;jet_parallax_layout_list&quot;:[]}\">\n\t\t\t\t\t<div class=\"e-con-inner\">\n\t\t\t\t<div class=\"elementor-element elementor-element-13cdf45 elementor-widget elementor-widget-heading\" data-id=\"13cdf45\" data-element_type=\"widget\" data-e-type=\"widget\" data-widget_type=\"heading.default\">\n\t\t\t\t<div class=\"elementor-widget-container\">\n\t\t\t\t\t<h2 class=\"elementor-heading-title elementor-size-default\">Gu\u00eda de inicio DigitForm<\/h2>\t\t\t\t<\/div>\n\t\t\t\t<\/div>\n\t\t\t\t<div class=\"elementor-element elementor-element-4109ac7 elementor-widget elementor-widget-text-editor\" data-id=\"4109ac7\" data-element_type=\"widget\" data-e-type=\"widget\" data-widget_type=\"text-editor.default\">\n\t\t\t\t<div class=\"elementor-widget-container\">\n\t\t\t\t\t\t\t\t\tEn la gu\u00eda de inicio r\u00e1pido Digitform, aprender\u00e1 a comenzar cuanto antes con DigitForm.\t\t\t\t\t\t\t\t<\/div>\n\t\t\t\t<\/div>\n\t\t\t\t<div class=\"elementor-element elementor-element-7bca598 elementor-mobile-align-justify elementor-widget elementor-widget-button\" data-id=\"7bca598\" data-element_type=\"widget\" data-e-type=\"widget\" data-widget_type=\"button.default\">\n\t\t\t\t<div class=\"elementor-widget-container\">\n\t\t\t\t\t\t\t\t\t<div class=\"elementor-button-wrapper\">\n\t\t\t\t\t<a class=\"elementor-button elementor-button-link elementor-size-sm\" href=\"https:\/\/archipad.com\/wp-content\/uploads\/2024\/05\/Quick-Strat-Guide-DigitForm-EN.pdf\">\n\t\t\t\t\t\t<span class=\"elementor-button-content-wrapper\">\n\t\t\t\t\t\t<span class=\"elementor-button-icon\">\n\t\t\t\t<svg aria-hidden=\"true\" class=\"e-font-icon-svg e-fas-arrow-down\" viewBox=\"0 0 448 512\" xmlns=\"http:\/\/www.w3.org\/2000\/svg\"><path d=\"M413.1 222.5l22.2 22.2c9.4 9.4 9.4 24.6 0 33.9L241 473c-9.4 9.4-24.6 9.4-33.9 0L12.7 278.6c-9.4-9.4-9.4-24.6 0-33.9l22.2-22.2c9.5-9.5 25-9.3 34.3.4L184 343.4V56c0-13.3 10.7-24 24-24h32c13.3 0 24 10.7 24 24v287.4l114.8-120.5c9.3-9.8 24.8-10 34.3-.4z\"><\/path><\/svg>\t\t\t<\/span>\n\t\t\t\t\t\t\t\t\t<span class=\"elementor-button-text\">Descargar<\/span>\n\t\t\t\t\t<\/span>\n\t\t\t\t\t<\/a>\n\t\t\t\t<\/div>\n\t\t\t\t\t\t\t\t<\/div>\n\t\t\t\t<\/div>\n\t\t\t\t\t<\/div>\n\t\t\t\t<\/div>\n\t\t\t\t\t<\/div>\n\t\t\t\t<\/div>\n\t\t\t\t<\/div>\n\t\t<a href=\"https:\/\/archipad.com\/wp-content\/uploads\/2024\/05\/Quick-Strat-Guide-DigitForm-EN.pdf\" class=\"jet-engine-listing-overlay-link\" target=\"_blank\"><\/a><\/div><\/div><\/div><\/div>\t\t\t\t<\/div>\n\t\t\t\t<\/div>\n\t\t\t\t\t<\/div>\n\t\t\t\t<\/div>\n\t\t\t\t<\/div>\n\t\t\t\t<\/div>\n\t\t\t\t\t<\/div>\n\t\t\t\t<\/div>\n\t\t\t\t<\/div>\n\t\t","protected":false},"excerpt":{"rendered":"<p>Manual de usario Archipad Le proponemos quatro manuales de usuario T\u00e9l\u00e9charger T\u00e9l\u00e9charger T\u00e9l\u00e9charger T\u00e9l\u00e9charger<\/p>\n","protected":false},"author":2,"featured_media":0,"parent":0,"menu_order":0,"comment_status":"closed","ping_status":"closed","template":"","meta":{"_jet_sm_ready_style":"","_jet_sm_style":"","_jet_sm_controls_values":"","_jet_sm_fonts_collection":"","_jet_sm_fonts_links":"","footnotes":""},"class_list":["post-11247","page","type-page","status-publish","hentry"],"_links":{"self":[{"href":"https:\/\/archipad.com\/es\/wp-json\/wp\/v2\/pages\/11247","targetHints":{"allow":["GET"]}}],"collection":[{"href":"https:\/\/archipad.com\/es\/wp-json\/wp\/v2\/pages"}],"about":[{"href":"https:\/\/archipad.com\/es\/wp-json\/wp\/v2\/types\/page"}],"author":[{"embeddable":true,"href":"https:\/\/archipad.com\/es\/wp-json\/wp\/v2\/users\/2"}],"replies":[{"embeddable":true,"href":"https:\/\/archipad.com\/es\/wp-json\/wp\/v2\/comments?post=11247"}],"version-history":[{"count":0,"href":"https:\/\/archipad.com\/es\/wp-json\/wp\/v2\/pages\/11247\/revisions"}],"wp:attachment":[{"href":"https:\/\/archipad.com\/es\/wp-json\/wp\/v2\/media?parent=11247"}],"curies":[{"name":"wp","href":"https:\/\/api.w.org\/{rel}","templated":true}]}}