{"id":10591,"date":"2023-08-07T06:21:16","date_gmt":"2023-08-07T06:21:16","guid":{"rendered":"https:\/\/archipad.com\/datos-personales\/"},"modified":"2023-10-07T12:26:12","modified_gmt":"2023-10-07T12:26:12","slug":"datos-personales","status":"publish","type":"page","link":"https:\/\/archipad.com\/es\/datos-personales\/","title":{"rendered":"Datos personales"},"content":{"rendered":"\t\t<div data-elementor-type=\"wp-page\" data-elementor-id=\"10591\" class=\"elementor elementor-10591 elementor-6408\" data-elementor-post-type=\"page\">\n\t\t\t\t<div class=\"elementor-element elementor-element-b0bc38a e-flex e-con-boxed e-con e-parent\" data-id=\"b0bc38a\" data-element_type=\"container\" data-e-type=\"container\" data-settings=\"{&quot;jet_parallax_layout_list&quot;:[],&quot;background_background&quot;:&quot;classic&quot;}\">\n\t\t\t\t\t<div class=\"e-con-inner\">\n\t\t<div class=\"elementor-element elementor-element-7a02899 e-con-full e-flex e-con e-child\" data-id=\"7a02899\" data-element_type=\"container\" data-e-type=\"container\" data-settings=\"{&quot;jet_parallax_layout_list&quot;:[],&quot;background_background&quot;:&quot;classic&quot;}\">\n\t\t<div class=\"elementor-element elementor-element-13cb380 e-con-full e-flex e-con e-child\" data-id=\"13cb380\" data-element_type=\"container\" data-e-type=\"container\" data-settings=\"{&quot;jet_parallax_layout_list&quot;:[]}\">\n\t\t\t\t<div class=\"elementor-element elementor-element-e2c8a35 elementor-widget elementor-widget-image\" data-id=\"e2c8a35\" data-element_type=\"widget\" data-e-type=\"widget\" data-widget_type=\"image.default\">\n\t\t\t\t<div class=\"elementor-widget-container\">\n\t\t\t\t\t\t\t\t\t\t\t\t\t\t\t<img decoding=\"async\" width=\"41\" height=\"41\" src=\"https:\/\/archipad.com\/wp-content\/uploads\/2023\/05\/orange.svg\" class=\"attachment-large size-large wp-image-7764\" alt=\"\" \/>\t\t\t\t\t\t\t\t\t\t\t\t\t\t\t<\/div>\n\t\t\t\t<\/div>\n\t\t\t\t<div class=\"elementor-element elementor-element-d1c5a30 elementor-widget elementor-widget-heading\" data-id=\"d1c5a30\" data-element_type=\"widget\" data-e-type=\"widget\" data-widget_type=\"heading.default\">\n\t\t\t\t<div class=\"elementor-widget-container\">\n\t\t\t\t\t<h2 class=\"elementor-heading-title elementor-size-default\">Datos personales<\/h2>\t\t\t\t<\/div>\n\t\t\t\t<\/div>\n\t\t\t\t<div class=\"elementor-element elementor-element-231c581 elementor-widget__width-auto elementor-widget-divider--view-line elementor-widget elementor-widget-divider\" data-id=\"231c581\" data-element_type=\"widget\" data-e-type=\"widget\" data-widget_type=\"divider.default\">\n\t\t\t\t<div class=\"elementor-widget-container\">\n\t\t\t\t\t\t\t<div class=\"elementor-divider\">\n\t\t\t<span class=\"elementor-divider-separator\">\n\t\t\t\t\t\t<\/span>\n\t\t<\/div>\n\t\t\t\t\t\t<\/div>\n\t\t\t\t<\/div>\n\t\t\t\t<div class=\"elementor-element elementor-element-cf45d70 elementor-widget elementor-widget-heading\" data-id=\"cf45d70\" data-element_type=\"widget\" data-e-type=\"widget\" data-widget_type=\"heading.default\">\n\t\t\t\t<div class=\"elementor-widget-container\">\n\t\t\t\t\t<h2 class=\"elementor-heading-title elementor-size-default\">Respetamos su privacidad y nos comprometemos a proteger sus datos personales. Tiene derecho a consultar, modificar y suprimir sus datos, as\u00ed como a oponerse a su uso. Para ejercer cualquiera de estos derechos, utilice el siguiente formulario. Si tiene alguna pregunta sobre la gesti\u00f3n de sus datos personales, no dude en ponerse en contacto con nosotros a trav\u00e9s de nuestra p\u00e1gina \"Contacto\". Nos dedicamos a garantizar la transparencia, la seguridad y el respeto de su informaci\u00f3n personal.<\/h2>\t\t\t\t<\/div>\n\t\t\t\t<\/div>\n\t\t\t\t<\/div>\n\t\t<div class=\"elementor-element elementor-element-a4fe01f e-con-full e-flex e-con e-child\" data-id=\"a4fe01f\" data-element_type=\"container\" data-e-type=\"container\" data-settings=\"{&quot;background_background&quot;:&quot;classic&quot;,&quot;jet_parallax_layout_list&quot;:[]}\">\n\t\t\t\t<div class=\"elementor-element elementor-element-5ede957 elementor-widget elementor-widget-jet-engine-booking-form\" data-id=\"5ede957\" data-element_type=\"widget\" data-e-type=\"widget\" data-widget_type=\"jet-engine-booking-form.default\">\n\t\t\t\t<div class=\"elementor-widget-container\">\n\t\t\t\t\t<form  class=\"jet-form layout-column submit-type-reload\" action=\"\/es\/wp-json\/wp\/v2\/pages\/10591?jet_engine_action=book&#038;nocache=1777645892\" method=\"POST\" data-form-id=\"10996\"><input class=\"jet-form__field hidden-field\" type=\"hidden\" name=\"_jet_engine_booking_form_id\" value=\"10996\" data-field-name=\"_jet_engine_booking_form_id\"><input class=\"jet-form__field hidden-field\" type=\"hidden\" name=\"_jet_engine_refer\" value=\"https:\/\/archipad.com\/es\/wp-json\/wp\/v2\/pages\/10591\/\" data-field-name=\"_jet_engine_refer\"><div  class=\"jet-form-row jet-form-row--hidden\"><div class=\"jet-form-col jet-form-col-12  field-type-hidden  jet-form-field-container\" data-field=\"post_id\" data-conditional=\"false\"><input class=\"jet-form__field hidden-field\" type=\"hidden\" name=\"post_id\" value=\"10591\" data-field-name=\"post_id\"><\/div><\/div><div  class=\"jet-form-row jet-form-row--first-visible\"><div class=\"jet-form-col jet-form-col-12  field-type-text  jet-form-field-container\" data-field=\"field_email_donnees_perso\" data-conditional=\"false\"><input class=\"jet-form__field text-field \" placeholder=\"Email *\" value=\"\" required=\"required\" name=\"field_email_donnees_perso\" id=\"field_email_donnees_perso\" type=\"email\" data-field-name=\"field_email_donnees_perso\"><\/div><\/div><div  class=\"jet-form-row\"><div class=\"jet-form-col jet-form-col-12  field-type-heading  jet-form-field-container\" data-field=\"heading\" data-conditional=\"false\"><div class=\"jet-form__heading\">\n\t<span class=\"jet-form__label-text\" >Me gustar\u00eda<\/span>\n\t<\/div><\/div><\/div><div  class=\"jet-form-row\"><div class=\"jet-form-col jet-form-col-12  field-type-radio  jet-form-field-container\" data-field=\"field_name\" data-conditional=\"false\"><div class=\"jet-form__fields-group checkradio-wrap\">\t\t<div class=\"jet-form__field-wrap radio-wrap checkradio-wrap\">\n\t\t\t\t\t\t<label class=\"jet-form__field-label\">\n\t\t\t\t<input\n\t\t\t\t\ttype=\"radio\"\n\t\t\t\t\tname=\"field_name\"\n\t\t\t\t\tclass=\"jet-form__field radio-field checkradio-field\"\n\t\t\t\t\tvalue=\"Ver mis datos\"\n\t\t\t\t\tdata-field-name=\"field_name\"\n\t\t\t\t\t\t\t\t\t\trequired=\"required\"\t\t\t\t\t\t\t\t\t\t\t\t\t\t>\n\t\t\t\tVer mis datos\t\t\t<\/label>\n\t\t<\/div>\n\t\t\t\t<div class=\"jet-form__field-wrap radio-wrap checkradio-wrap\">\n\t\t\t\t\t\t<label class=\"jet-form__field-label\">\n\t\t\t\t<input\n\t\t\t\t\ttype=\"radio\"\n\t\t\t\t\tname=\"field_name\"\n\t\t\t\t\tclass=\"jet-form__field radio-field checkradio-field\"\n\t\t\t\t\tvalue=\"Editar mis datos\"\n\t\t\t\t\tdata-field-name=\"field_name\"\n\t\t\t\t\t\t\t\t\t\trequired=\"required\"\t\t\t\t\t\t\t\t\t\t\t\t\t\t>\n\t\t\t\tEditar mis datos\t\t\t<\/label>\n\t\t<\/div>\n\t\t\t\t<div class=\"jet-form__field-wrap radio-wrap checkradio-wrap\">\n\t\t\t\t\t\t<label class=\"jet-form__field-label\">\n\t\t\t\t<input\n\t\t\t\t\ttype=\"radio\"\n\t\t\t\t\tname=\"field_name\"\n\t\t\t\t\tclass=\"jet-form__field radio-field checkradio-field\"\n\t\t\t\t\tvalue=\"Borrar mis datos\"\n\t\t\t\t\tdata-field-name=\"field_name\"\n\t\t\t\t\t\t\t\t\t\trequired=\"required\"\t\t\t\t\t\t\t\t\t\t\t\t\t\t>\n\t\t\t\tBorrar mis datos\t\t\t<\/label>\n\t\t<\/div>\n\t\t\t\t<div class=\"jet-form__field-wrap radio-wrap checkradio-wrap\">\n\t\t\t\t\t\t<label class=\"jet-form__field-label\">\n\t\t\t\t<input\n\t\t\t\t\ttype=\"radio\"\n\t\t\t\t\tname=\"field_name\"\n\t\t\t\t\tclass=\"jet-form__field radio-field checkradio-field\"\n\t\t\t\t\tvalue=\"Oponerse al uso de mis datos\"\n\t\t\t\t\tdata-field-name=\"field_name\"\n\t\t\t\t\t\t\t\t\t\trequired=\"required\"\t\t\t\t\t\t\t\t\t\t\t\t\t\t>\n\t\t\t\tOponerse al uso de mis datos\t\t\t<\/label>\n\t\t<\/div>\n\t\t<\/div><\/div><\/div><div  class=\"jet-form-row jet-form-row--submit\"><div class=\"jet-form-col jet-form-col-12  field-type-submit  jet-form-field-container\" data-field=\"Submit\" data-conditional=\"false\"><div class=\"jet-form__submit-wrap\">\n\t\t<button class=\"jet-form__submit submit-type-reload\" type=\"submit\">Envoyer ma demande<\/button>\n<\/div><\/div><\/div><script id=\"jet-engine-recaptcha-js\" src=\"https:\/\/www.google.com\/recaptcha\/api.js?render=6LezascoAAAAAMp1pvFoD6B-SNKeRAYxAVMSxNVS\"><\/script>\t\t\t<input type=\"hidden\" class=\"captcha-token\" name=\"_captcha_token\" value=\"\">\n\t\t\t<script>\n\n\t\t\t\tif ( ! window.JetEngineFormCaptcha ) {\n\t\t\t\t\twindow.JetEngineFormCaptcha = function( formID ) {\n\t\t\t\t\t\tvar $script  = document.querySelector( 'script#jet-engine-recaptcha-js' ),\n\t\t\t\t\t\t\t$cpField = document.querySelector( 'form[data-form-id=\"' + formID + '\"] .captcha-token' );\n\n\t\t\t\t\t\tfunction setFormToken() {\n\t\t\t\t\t\t\tif ( window.JetEngineFormToken ) {\n\t\t\t\t\t\t\t\t$cpField.value = window.JetEngineFormToken;\n\t\t\t\t\t\t\t} else if ( window.grecaptcha ) {\n\t\t\t\t\t\t\t\twindow.grecaptcha.ready( function() {\n\t\t\t\t\t\t\t\t\tgrecaptcha.execute(\n\t\t\t\t\t\t\t\t\t\t'6LezascoAAAAAMp1pvFoD6B-SNKeRAYxAVMSxNVS',\n\t\t\t\t\t\t\t\t\t\t{\n\t\t\t\t\t\t\t\t\t\t\taction: 'submit_form'\n\t\t\t\t\t\t\t\t\t\t}\n\t\t\t\t\t\t\t\t\t).then( function( token ) {\n\t\t\t\t\t\t\t\t\t\t$cpField.value = token;\n\t\t\t\t\t\t\t\t\t\twindow.JetEngineFormToken = token;\n\t\t\t\t\t\t\t\t\t} );\n\t\t\t\t\t\t\t\t} );\n\t\t\t\t\t\t\t}\n\t\t\t\t\t\t}\n\n\t\t\t\t\t\tif ( ! $cpField ) {\n\t\t\t\t\t\t\treturn;\n\t\t\t\t\t\t}\n\n\t\t\t\t\t\tif ( ! $script ) {\n\n\t\t\t\t\t\t\t$script = document.createElement( 'script' );\n\n\t\t\t\t\t\t\t$script.id  = 'jet-engine-recaptcha-js';\n\t\t\t\t\t\t\t$script.src = 'https:\/\/www.google.com\/recaptcha\/api.js?render=6LezascoAAAAAMp1pvFoD6B-SNKeRAYxAVMSxNVS';\n\n\t\t\t\t\t\t\t$cpField.parentNode.insertBefore( $script, $cpField );\n\n\t\t\t\t\t\t\t$script.onload = function() {\n\t\t\t\t\t\t\t\tsetFormToken();\n\t\t\t\t\t\t\t};\n\n\t\t\t\t\t\t} else {\n\t\t\t\t\t\t\tsetFormToken();\n\t\t\t\t\t\t}\n\n\t\t\t\t\t}\n\t\t\t\t}\n\n\t\t\t\twindow.JetEngineFormCaptcha( 10996 );\n\n\t\t\t\tjQuery( window ).on( 'jet-popup\/show-event\/after-show', function () {\n\n\t\t\t\t\twindow.JetEngineFormCaptcha( 10996 );\n\n\t\t\t\t} );\n\t\t\t<\/script>\n\t\t\t<input class=\"jet-form__field hidden-field\" type=\"hidden\" name=\"_jet_engine_nonce\" value=\"026edfd22b\" data-field-name=\"_jet_engine_nonce\"><\/form>\t\t\t\t<\/div>\n\t\t\t\t<\/div>\n\t\t\t\t<\/div>\n\t\t\t\t<\/div>\n\t\t\t\t\t<\/div>\n\t\t\t\t<\/div>\n\t\t\t\t<\/div>\n\t\t","protected":false},"excerpt":{"rendered":"<p>Datos personales Respetamos su privacidad y nos comprometemos a proteger sus datos personales. Tiene derecho a consultar, modificar y suprimir sus datos, as\u00ed como a oponerse a su uso. Para ejercer cualquiera de estos derechos, utilice el siguiente formulario. Si tiene alguna pregunta sobre la gesti\u00f3n de sus datos personales, no dude en ponerse en [&hellip;]<\/p>\n","protected":false},"author":7,"featured_media":0,"parent":0,"menu_order":0,"comment_status":"closed","ping_status":"closed","template":"","meta":{"_jet_sm_ready_style":"","_jet_sm_style":"","_jet_sm_controls_values":"","_jet_sm_fonts_collection":"","_jet_sm_fonts_links":"","footnotes":""},"class_list":["post-10591","page","type-page","status-publish","hentry"],"_links":{"self":[{"href":"https:\/\/archipad.com\/es\/wp-json\/wp\/v2\/pages\/10591","targetHints":{"allow":["GET"]}}],"collection":[{"href":"https:\/\/archipad.com\/es\/wp-json\/wp\/v2\/pages"}],"about":[{"href":"https:\/\/archipad.com\/es\/wp-json\/wp\/v2\/types\/page"}],"author":[{"embeddable":true,"href":"https:\/\/archipad.com\/es\/wp-json\/wp\/v2\/users\/7"}],"replies":[{"embeddable":true,"href":"https:\/\/archipad.com\/es\/wp-json\/wp\/v2\/comments?post=10591"}],"version-history":[{"count":0,"href":"https:\/\/archipad.com\/es\/wp-json\/wp\/v2\/pages\/10591\/revisions"}],"wp:attachment":[{"href":"https:\/\/archipad.com\/es\/wp-json\/wp\/v2\/media?parent=10591"}],"curies":[{"name":"wp","href":"https:\/\/api.w.org\/{rel}","templated":true}]}}