{"id":10653,"date":"2023-07-20T07:01:20","date_gmt":"2023-07-20T07:01:20","guid":{"rendered":"https:\/\/archipad.com\/terms-of-service\/"},"modified":"2026-02-04T11:32:33","modified_gmt":"2026-02-04T11:32:33","slug":"terms-of-service","status":"publish","type":"page","link":"https:\/\/archipad.com\/de\/terms-of-service\/","title":{"rendered":"Terms of service"},"content":{"rendered":"\t\t<div data-elementor-type=\"wp-page\" data-elementor-id=\"10653\" class=\"elementor elementor-10653 elementor-4604\" data-elementor-post-type=\"page\">\n\t\t\t\t<div class=\"elementor-element elementor-element-30b6a89 e-flex e-con-boxed e-con e-parent\" data-id=\"30b6a89\" data-element_type=\"container\" data-e-type=\"container\" data-settings=\"{&quot;background_background&quot;:&quot;classic&quot;,&quot;jet_parallax_layout_list&quot;:[]}\">\n\t\t\t\t\t<div class=\"e-con-inner\">\n\t\t<div class=\"elementor-element elementor-element-5804935 e-con-full e-flex e-con e-child\" data-id=\"5804935\" data-element_type=\"container\" data-e-type=\"container\" data-settings=\"{&quot;jet_parallax_layout_list&quot;:[]}\">\n\t\t<div class=\"elementor-element elementor-element-6701419 e-con-full e-flex e-con e-child\" data-id=\"6701419\" data-element_type=\"container\" data-e-type=\"container\" data-settings=\"{&quot;jet_parallax_layout_list&quot;:[]}\">\n\t\t<div class=\"elementor-element elementor-element-c18fb3f e-con-full e-flex e-con e-child\" data-id=\"c18fb3f\" data-element_type=\"container\" data-e-type=\"container\" data-settings=\"{&quot;jet_parallax_layout_list&quot;:[]}\">\n\t\t\t\t<div class=\"elementor-element elementor-element-32d3930 elementor-widget__width-auto elementor-widget-divider--view-line elementor-widget elementor-widget-divider\" data-id=\"32d3930\" data-element_type=\"widget\" data-e-type=\"widget\" data-widget_type=\"divider.default\">\n\t\t\t\t<div class=\"elementor-widget-container\">\n\t\t\t\t\t\t\t<div class=\"elementor-divider\">\n\t\t\t<span class=\"elementor-divider-separator\">\n\t\t\t\t\t\t<\/span>\n\t\t<\/div>\n\t\t\t\t\t\t<\/div>\n\t\t\t\t<\/div>\n\t\t\t\t<div class=\"elementor-element elementor-element-5bd5ad4 elementor-widget__width-auto elementor-widget-mobile__width-inherit elementor-widget elementor-widget-heading\" data-id=\"5bd5ad4\" data-element_type=\"widget\" data-e-type=\"widget\" data-widget_type=\"heading.default\">\n\t\t\t\t<div class=\"elementor-widget-container\">\n\t\t\t\t\t<div class=\"elementor-heading-title elementor-size-default\">Allgemeine Nutzunsbeding<br>ungen<\/div>\t\t\t\t<\/div>\n\t\t\t\t<\/div>\n\t\t\t\t<\/div>\n\t\t<div class=\"elementor-element elementor-element-56fe6d5 e-flex e-con-boxed e-con e-child\" data-id=\"56fe6d5\" data-element_type=\"container\" data-e-type=\"container\" data-settings=\"{&quot;jet_parallax_layout_list&quot;:[],&quot;background_background&quot;:&quot;classic&quot;}\">\n\t\t\t\t\t<div class=\"e-con-inner\">\n\t\t\t\t<div class=\"elementor-element elementor-element-aea4635 elementor-widget elementor-widget-text-editor\" data-id=\"aea4635\" data-element_type=\"widget\" data-e-type=\"widget\" data-widget_type=\"text-editor.default\">\n\t\t\t\t<div class=\"elementor-widget-container\">\n\t\t\t\t\t\t\t\t\t<h2><b>Artikel 1: Geltungsbereich<\/b><\/h2><p><span style=\"font-weight: 400;\">Diese Allgemeinen Nutzungsbedingungen, die jederzeit ge\u00e4ndert werden k\u00f6nnen, gelten f\u00fcr alle ARCHIPAD-Produkte und den Synchronisationsoptionsdienst (im Folgenden \u201eProdukte und Dienstleistungen\u201c genannt) sowie f\u00fcr die Website<\/span><a href=\"https:\/\/archipad.com\/de\/\"> <span style=\"font-weight: 400;\">www.archipad.com<\/span><\/a><span style=\"font-weight: 400;\">. Sie erg\u00e4nzen die Allgemeinen Verkaufsbedingungen, die unter folgendem Link verf\u00fcgbar sind:<\/span><a title=\"https:\/\/archipad.com\/de\/conditions-generales-de-vente\/\" href=\"https:\/\/archipad.com\/de\/conditions-generales-de-vente\/\"> <span style=\"font-weight: 400;\">https:\/\/www.archipad.com\/conditions-generales-de-vente<\/span><span style=\"font-weight: 400;\"><br \/><\/span><\/a><span style=\"font-weight: 400;\"> Der Zugang zu und die Nutzung der Produkte und Dienstleistungen sowie der Website setzen die vollst\u00e4ndige und vorbehaltlose Zustimmung des Nutzers zu diesen Allgemeinen Nutzungsbedingungen (ANB) voraus.<\/span><span style=\"font-weight: 400;\"><br \/><\/span><span style=\"font-weight: 400;\"> Der Nutzer best\u00e4tigt daher, dass er diese ANB in ihrer Gesamtheit gelesen und verstanden hat, bevor er die Produkte, Dienstleistungen oder die Website<\/span><a href=\"https:\/\/archipad.com\/de\/\"> <span style=\"font-weight: 400;\">www.archipad.com<\/span><\/a><span style=\"font-weight: 400;\"> nutzt, und verpflichtet sich, diese einzuhalten.<\/span><\/p><h2><b>Artikel 2: Abonnement<\/b><\/h2><p><span style=\"font-weight: 400;\">Zur Klarstellung gelten folgende Definitionen:<\/span><span style=\"font-weight: 400;\"><br \/><\/span> <b>\u201eAbonnent\u201c<\/b><span style=\"font-weight: 400;\"> bezeichnet jede nat\u00fcrliche oder juristische Person, die ein Nutzungsrecht (Lizenz) f\u00fcr die Produkte und\/oder Dienstleistungen abgeschlossen hat.<\/span><span style=\"font-weight: 400;\"><br \/><\/span> <b>\u201eNutzer\u201c<\/b><span style=\"font-weight: 400;\"> bezeichnet eine nat\u00fcrliche Person, die \u00fcber ein vom Kunden abgeschlossenes Abonnement auf die Produkte und\/oder Dienstleistungen gem\u00e4\u00df den Angeboten von BIGSOOL zugreift.<\/span><span style=\"font-weight: 400;\"><br \/><\/span> <b>\u201eWebseitenbesucher\u201c<\/b><span style=\"font-weight: 400;\"> bezeichnet jede Person, die die Website<\/span><a href=\"https:\/\/archipad.com\/de\/\"> <span style=\"font-weight: 400;\">www.archipad.com<\/span><\/a><span style=\"font-weight: 400;\"> besucht.<\/span><\/p><p><span style=\"font-weight: 400;\">Der Zugang zu den Produkten und Dienstleistungen erfolgt durch ein Abonnement im Rahmen einer nicht ausschlie\u00dflichen, nicht \u00fcbertragbaren Nutzungslizenz.<\/span><span style=\"font-weight: 400;\"><br \/><\/span><span style=\"font-weight: 400;\"> Das Abonnement wird f\u00fcr einen festen Zeitraum abgeschlossen (Kalenderjahr oder anderer Zeitraum) und verl\u00e4ngert sich automatisch, sofern der Abonnent nicht k\u00fcndigt. Der Abonnent muss BIGSOOLs Vertriebsabteilung mindestens zwei Monate vor Ablauf des Abonnements per E-Mail (sales@archipad.com) \u00fcber seinen K\u00fcndigungswunsch informieren.<\/span><span style=\"font-weight: 400;\"><br \/><\/span><span style=\"font-weight: 400;\"> Nach Ablauf des Abonnements ist der Zugang zu den Produkten und Dienstleistungen nicht mehr m\u00f6glich.<\/span><\/p><p><span style=\"font-weight: 400;\">Der Abonnent verpflichtet sich, BIGSOOLs Vertriebsabteilung \u00fcber jede \u00c4nderung der bei der Bestellung angegebenen Informationen zu informieren, insbesondere bez\u00fcglich Rechnungsdaten, Bankverbindungen oder Kreditkartennummern.<\/span><span style=\"font-weight: 400;\"><br \/><\/span><span style=\"font-weight: 400;\"> Zum Zugriff auf den Dienst erh\u00e4lt der Abonnent einen Aktivierungslink per E-Mail, der nur f\u00fcr einen begrenzten Zeitraum g\u00fcltig ist. Der Abonnent muss ein eigenes Passwort erstellen. BIGSOOL hat niemals Zugriff auf Kund*innenpassw\u00f6rter.<\/span><span style=\"font-weight: 400;\"><br \/><\/span><span style=\"font-weight: 400;\"> Der von BIGSOOL versandte Aktivierungslink und das vom Nutzer erstellte Passwort sind streng pers\u00f6nlich, vertraulich und nicht \u00fcbertragbar. Der Abonnent tr\u00e4gt die alleinige Verantwortung f\u00fcr deren Verwendung.<\/span><\/p><p><span style=\"font-weight: 400;\">Der Abonnent verpflichtet sich, den Zugang zu den Produkten und Dienstleistungen ausschlie\u00dflich auf die in der von BIGSOOL ausgestellten Rechnung genannten Endnutzer zu beschr\u00e4nken. Der Abonnent haftet allein f\u00fcr Verst\u00f6\u00dfe dieser Endnutzer gegen die Bedingungen.<\/span><\/p><p><span style=\"font-weight: 400;\">Zur Wahrung der Vertraulichkeit der Zugangsdaten verpflichtet sich der Abonnent, die Vertriebsabteilung von BIGSOOL unverz\u00fcglich zu informieren:<\/span><\/p><ul><li style=\"font-weight: 400;\" aria-level=\"1\"><span style=\"font-weight: 400;\">im Falle von Verlust oder Diebstahl der Zugangsdaten (per Einschreiben mit R\u00fcckschein zu best\u00e4tigen);<\/span><\/li><li style=\"font-weight: 400;\" aria-level=\"1\"><span style=\"font-weight: 400;\">wenn ein Endnutzer das Unternehmen verl\u00e4sst, um dessen pers\u00f6nliches Konto zu schlie\u00dfen.<\/span><\/li><\/ul><h2><b>Artikel 3: Erreichbarkeit der Produkte, Dienstleistungen und Website<\/b><\/h2><p><span style=\"font-weight: 400;\">Die Produkte, Dienstleistungen und die Website<\/span><a href=\"https:\/\/archipad.com\/de\/\"> <span style=\"font-weight: 400;\">www.archipad.com<\/span><\/a><span style=\"font-weight: 400;\"> sind \u00fcber das Internet rund um die Uhr (24\/7) zug\u00e4nglich \u2013 au\u00dfer im Falle h\u00f6herer Gewalt, nicht von BIGSOOL und\/oder dem Hosting-Dienstleister zu vertretender Ereignisse, Ausf\u00e4llen oder notwendiger Wartungsarbeiten zur Sicherstellung der ordnungsgem\u00e4\u00dfen Funktion des Dienstes. F\u00fcr Unterbrechungen besteht kein Anspruch auf Entsch\u00e4digung.<\/span><\/p><p><span style=\"font-weight: 400;\">Technischer Support steht den Abonnenten von Montag bis Freitag zwischen 9:00\u201312:00 Uhr und 14:00\u201317:30 Uhr zur Verf\u00fcgung:<\/span><\/p><ul><li style=\"font-weight: 400;\" aria-level=\"1\"><span style=\"font-weight: 400;\">E-Mail: support@archipad.com<\/span><\/li><li style=\"font-weight: 400;\" aria-level=\"1\"><span style=\"font-weight: 400;\">Telefon: +33.4.22.72.01.55<\/span><\/li><\/ul><p><span style=\"font-weight: 400;\">BIGSOOL verpflichtet sich, alle verf\u00fcgbaren Mittel einzusetzen, um die Qualit\u00e4t des Zugangs, die Zuverl\u00e4ssigkeit und die Upload-Geschwindigkeit der Daten zu gew\u00e4hrleisten.<\/span><span style=\"font-weight: 400;\"><br \/><\/span><span style=\"font-weight: 400;\"> Der Websitebesucher und der Abonnent erkennen die Eigenschaften und Grenzen der Daten\u00fcbertragung \u00fcber das Internet an und akzeptieren diese, einschlie\u00dflich der Verbindungskosten. Sie m\u00fcssen sicherstellen, dass ihre Hard- und Software den Zugriff auf die Produkte, Dienstleistungen und die Website erm\u00f6glichen, und geeignete Schutzma\u00dfnahmen gegen Malware treffen.<\/span><\/p><p><span style=\"font-weight: 400;\">Die Produkte und Dienstleistungen richten sich an professionelle Anwender. Die Verpflichtungen von BIGSOOL sind Mittelverpflichtungen. BIGSOOL haftet daher weder ausdr\u00fccklich noch stillschweigend f\u00fcr Sch\u00e4den, gleich welcher Art \u2013 direkt oder indirekt \u2013, die dem Nutzer oder Dritten durch die Nutzung der Produkte oder Dienstleistungen entstehen. Sollte BIGSOOL haftbar gemacht werden, beschr\u00e4nkt sich die Haftung auf direkte Sch\u00e4den und schlie\u00dft indirekte Sch\u00e4den wie Datenverlust, entgangene Chancen, entgangenen Gewinn oder finanzielle Verluste aufgrund der Nutzung oder Nichtnutzung der Produkte oder Dienstleistungen aus. Eine Entsch\u00e4digung \u00fcbersteigt nicht den vom Nutzer f\u00fcr das betreffende Produkt oder die Dienstleistung gezahlten Betrag. Diese Haftungsbeschr\u00e4nkung ist Teil des wirtschaftlichen Gleichgewichts des Vertrags. Der Kunde verzichtet au\u00dferdem auf alle Anspr\u00fcche gegen BIGSOOL, die mehr als zwei (2) Jahre nach Eintritt eines Schadensereignisses geltend gemacht werden.<\/span><\/p><h2><b>Artikel 4: Nutzung von Inhalten in Produkten, Dienstleistungen und Website<\/b><\/h2><p><span style=\"font-weight: 400;\">Alle Inhalte der Produkte, Dienstleistungen und der Website \u2013 einschlie\u00dflich Texte, Kommentare, B\u00fccher, Illustrationen, Bilder, Software und die gesamte Struktur \u2013 sind durch Markenrechte, Patente, Urheberrechte und Rechte der Datenbankhersteller gem\u00e4\u00df den Artikeln L 341-1 ff. des franz\u00f6sischen Gesetzbuchs \u00fcber geistiges Eigentum (Code de la propri\u00e9t\u00e9 intellectuelle) weltweit gesch\u00fctzt.<\/span><span style=\"font-weight: 400;\"><br \/><\/span><span style=\"font-weight: 400;\"> Der Zugriff auf und die Nutzung des Dienstes beinhalten keine \u00dcbertragung von Rechten an den Nutzer.<\/span><\/p><p><span style=\"font-weight: 400;\">Der Nutzer verpflichtet sich, die Produkte, Dienstleistungen oder die Website nur im Rahmen der erlaubten Zwecke zu verwenden und keine Inhalte zu ver\u00f6ffentlichen, zu verbreiten oder zu verkaufen oder \u2013 direkt oder indirekt \u2013 Rechte von BIGSOOL zu verletzen.<\/span><span style=\"font-weight: 400;\"><br \/><\/span><span style=\"font-weight: 400;\"> Inhalte d\u00fcrfen nicht, auch nicht teilweise, reproduziert, dargestellt, verliehen, ausgetauscht, \u00fcbertragen oder in einem anderen Medium ganz oder teilweise extrahiert werden.<\/span><\/p><p><span style=\"font-weight: 400;\">Der Nutzer und Webseitenbesucher d\u00fcrfen keine qualitativ oder quantitativ wesentliche Vervielf\u00e4ltigung, Extraktion oder Wiederverwendung der Inhalte vornehmen, noch wiederholt und systematisch unwesentliche Teile extrahieren oder wiederverwenden. Die Verwendung von Robotern, Web-Crawlern oder anderer Software, Ger\u00e4te oder manueller Prozesse zur \u00dcberwachung oder zum Kopieren von Inhalten ohne vorherige schriftliche Genehmigung von BIGSOOL ist untersagt.<\/span><\/p><p><span style=\"font-weight: 400;\">Jegliche andere Nutzung bedarf der vorherigen schriftlichen Genehmigung durch BIGSOOL und kann rechtliche Schritte nach sich ziehen.<\/span><\/p><p><span style=\"font-weight: 400;\">Der Abonnent ist insbesondere nicht berechtigt:<\/span><\/p><ul><li style=\"font-weight: 400;\" aria-level=\"1\"><span style=\"font-weight: 400;\">Dienste, Software oder sonstige Ger\u00e4te oder Prozesse zu verwenden, um Zugangsbeschr\u00e4nkungen oder technische Ma\u00dfnahmen zu umgehen, insbesondere Sicherheitsfunktionen oder Nutzungslimits;<\/span><\/li><li style=\"font-weight: 400;\" aria-level=\"1\"><span style=\"font-weight: 400;\">eine unangemessene oder unverh\u00e4ltnism\u00e4\u00dfige Belastung des Netzwerks oder der Infrastruktur von BIGSOOL zu verursachen;<\/span><\/li><li style=\"font-weight: 400;\" aria-level=\"1\"><span style=\"font-weight: 400;\">Ma\u00dfnahmen zu ergreifen, die die Funktion oder das Erscheinungsbild der Produkte und Dienstleistungen deaktivieren, besch\u00e4digen oder ver\u00e4ndern k\u00f6nnten.<\/span><\/li><\/ul><h2><b>Artikel 5: Schutz personenbezogener Daten<\/b><\/h2><p><span style=\"font-weight: 400;\">BIGSOOL legt gro\u00dfen Wert auf den Schutz der Privatsph\u00e4re und der personenbezogenen Daten und verpflichtet sich, geeignete Ma\u00dfnahmen zu deren Schutz zu treffen. Die Verarbeitung und Nutzung personenbezogener Daten (nachfolgend \u201eDaten\u201c) erfolgt im Einklang mit den geltenden Vorschriften, insbesondere der EU-Verordnung 2016\/679 vom 27. April 2016 (DSGVO) und dem franz\u00f6sischen Gesetz Nr. 78-17 vom 6. Januar 1978 in seiner jeweils g\u00fcltigen Fassung (\u201eInformatique et Libert\u00e9s\u201c). Weitere Informationen finden Sie in der Datenschutzerkl\u00e4rung von BIGSOOL unter:<\/span><a href=\"https:\/\/www.archipad.com\/fr\/politique-confidentialite\"> <span style=\"font-weight: 400;\">https:\/\/www.archipad.com\/fr\/politique-confidentialite<\/span><\/a><\/p><h2><b>Artikel 6: K\u00fcndigung<\/b><\/h2><p><span style=\"font-weight: 400;\">BIGSOOL beh\u00e4lt sich das Recht vor, den Vertrag mit einem Kunden zu k\u00fcndigen und den Zugang zu Produkten und Dienstleistungen ohne Vorank\u00fcndigung zu sperren, wenn gegen eine der Bestimmungen dieser ANB versto\u00dfen wird, insbesondere bei Zahlungsverzug.<\/span><\/p><h2><b>Artikel 7: \u00c4nderungen der Allgemeinen Nutzungsbedingungen<\/b><\/h2><p><span style=\"font-weight: 400;\">Diese Allgemeinen Nutzungsbedingungen sind online unter<\/span><a href=\"https:\/\/archipad.com\/de\/\"> <span style=\"font-weight: 400;\">www.archipad.com<\/span><\/a><span style=\"font-weight: 400;\"> verf\u00fcgbar. Sie k\u00f6nnen jederzeit durch die Ver\u00f6ffentlichung einer neuen Version im Internet ge\u00e4ndert werden, die dann allein g\u00fcltig ist.<\/span><\/p><h2><b>Artikel 8: Anfragen \u2013 Beschwerden<\/b><\/h2><p><span style=\"font-weight: 400;\">Fragen zu diesen ANB oder Anfragen und Beschwerden bez\u00fcglich der Produkte und Dienstleistungen sind zu richten an die Vertriebsabteilung:<\/span><\/p><ul><li style=\"font-weight: 400;\" aria-level=\"1\"><span style=\"font-weight: 400;\">Per E-Mail: sales@archipad.com<\/span><\/li><li style=\"font-weight: 400;\" aria-level=\"1\"><span style=\"font-weight: 400;\">Per Post: BIGSOOL \u2013 Vertriebsabteilung, BUSINESS POLE 2, 1047 ROUTE DES DOLINES, 06560 VALBONNE \u2013 Frankreich<\/span><\/li><li style=\"font-weight: 400;\" aria-level=\"1\"><span style=\"font-weight: 400;\">Per Telefon: +33.4.22.13.10.14<\/span><\/li><\/ul><h2><b>Artikel 9: Anwendbares Recht<\/b><\/h2><p><span style=\"font-weight: 400;\">Diese Allgemeinen Nutzungsbedingungen unterliegen dem franz\u00f6sischen Recht.<\/span><\/p><p><span style=\"font-weight: 400;\">Letzte Aktualisierung: 19. Februar 2025<\/span><\/p>\t\t\t\t\t\t\t\t<\/div>\n\t\t\t\t<\/div>\n\t\t\t\t\t<\/div>\n\t\t\t\t<\/div>\n\t\t\t\t<\/div>\n\t\t\t\t<\/div>\n\t\t\t\t\t<\/div>\n\t\t\t\t<\/div>\n\t\t\t\t<\/div>\n\t\t","protected":false},"excerpt":{"rendered":"<p>Allgemeine Nutzunsbedingungen Artikel 1: Geltungsbereich Diese Allgemeinen Nutzungsbedingungen, die jederzeit ge\u00e4ndert werden k\u00f6nnen, gelten f\u00fcr alle ARCHIPAD-Produkte und den Synchronisationsoptionsdienst (im Folgenden \u201eProdukte und Dienstleistungen\u201c genannt) sowie f\u00fcr die Website www.archipad.com. Sie erg\u00e4nzen die Allgemeinen Verkaufsbedingungen, die unter folgendem Link verf\u00fcgbar sind: https:\/\/www.archipad.com\/conditions-generales-de-vente Der Zugang zu und die Nutzung der Produkte und Dienstleistungen sowie der [&hellip;]<\/p>\n","protected":false},"author":2,"featured_media":0,"parent":0,"menu_order":0,"comment_status":"closed","ping_status":"closed","template":"","meta":{"_jet_sm_ready_style":"","_jet_sm_style":"","_jet_sm_controls_values":"","_jet_sm_fonts_collection":"","_jet_sm_fonts_links":"","footnotes":""},"class_list":["post-10653","page","type-page","status-publish","hentry"],"_links":{"self":[{"href":"https:\/\/archipad.com\/de\/wp-json\/wp\/v2\/pages\/10653","targetHints":{"allow":["GET"]}}],"collection":[{"href":"https:\/\/archipad.com\/de\/wp-json\/wp\/v2\/pages"}],"about":[{"href":"https:\/\/archipad.com\/de\/wp-json\/wp\/v2\/types\/page"}],"author":[{"embeddable":true,"href":"https:\/\/archipad.com\/de\/wp-json\/wp\/v2\/users\/2"}],"replies":[{"embeddable":true,"href":"https:\/\/archipad.com\/de\/wp-json\/wp\/v2\/comments?post=10653"}],"version-history":[{"count":6,"href":"https:\/\/archipad.com\/de\/wp-json\/wp\/v2\/pages\/10653\/revisions"}],"predecessor-version":[{"id":17319,"href":"https:\/\/archipad.com\/de\/wp-json\/wp\/v2\/pages\/10653\/revisions\/17319"}],"wp:attachment":[{"href":"https:\/\/archipad.com\/de\/wp-json\/wp\/v2\/media?parent=10653"}],"curies":[{"name":"wp","href":"https:\/\/api.w.org\/{rel}","templated":true}]}}