{"id":10615,"date":"2023-07-20T07:13:33","date_gmt":"2023-07-20T07:13:33","guid":{"rendered":"https:\/\/archipad.com\/conditions-generales-de-vente\/"},"modified":"2025-11-19T12:49:53","modified_gmt":"2025-11-19T12:49:53","slug":"conditions-generales-de-vente","status":"publish","type":"page","link":"https:\/\/archipad.com\/de\/conditions-generales-de-vente\/","title":{"rendered":"Conditions g\u00e9n\u00e9rales de vente"},"content":{"rendered":"\t\t<div data-elementor-type=\"wp-page\" data-elementor-id=\"10615\" class=\"elementor elementor-10615 elementor-4621\" data-elementor-post-type=\"page\">\n\t\t\t\t<div class=\"elementor-element elementor-element-30b6a89 e-con-full e-flex e-con e-parent\" data-id=\"30b6a89\" data-element_type=\"container\" data-e-type=\"container\" data-settings=\"{&quot;background_background&quot;:&quot;classic&quot;,&quot;jet_parallax_layout_list&quot;:[]}\">\n\t\t<div class=\"elementor-element elementor-element-5804935 e-con-full e-flex e-con e-child\" data-id=\"5804935\" data-element_type=\"container\" data-e-type=\"container\" data-settings=\"{&quot;jet_parallax_layout_list&quot;:[]}\">\n\t\t<div class=\"elementor-element elementor-element-6701419 e-con-full e-flex e-con e-child\" data-id=\"6701419\" data-element_type=\"container\" data-e-type=\"container\" data-settings=\"{&quot;jet_parallax_layout_list&quot;:[]}\">\n\t\t<div class=\"elementor-element elementor-element-c18fb3f e-con-full e-flex e-con e-child\" data-id=\"c18fb3f\" data-element_type=\"container\" data-e-type=\"container\" data-settings=\"{&quot;jet_parallax_layout_list&quot;:[]}\">\n\t\t\t\t<div class=\"elementor-element elementor-element-32d3930 elementor-widget__width-auto elementor-widget-divider--view-line elementor-widget elementor-widget-divider\" data-id=\"32d3930\" data-element_type=\"widget\" data-e-type=\"widget\" data-widget_type=\"divider.default\">\n\t\t\t\t<div class=\"elementor-widget-container\">\n\t\t\t\t\t\t\t<div class=\"elementor-divider\">\n\t\t\t<span class=\"elementor-divider-separator\">\n\t\t\t\t\t\t<\/span>\n\t\t<\/div>\n\t\t\t\t\t\t<\/div>\n\t\t\t\t<\/div>\n\t\t\t\t<div class=\"elementor-element elementor-element-5bd5ad4 elementor-widget__width-auto elementor-widget-mobile__width-inherit elementor-widget elementor-widget-heading\" data-id=\"5bd5ad4\" data-element_type=\"widget\" data-e-type=\"widget\" data-widget_type=\"heading.default\">\n\t\t\t\t<div class=\"elementor-widget-container\">\n\t\t\t\t\t<div class=\"elementor-heading-title elementor-size-default\">Allgemeine Verkaufsbedin\ngungen<\/div>\t\t\t\t<\/div>\n\t\t\t\t<\/div>\n\t\t\t\t<\/div>\n\t\t<div class=\"elementor-element elementor-element-56fe6d5 e-flex e-con-boxed e-con e-child\" data-id=\"56fe6d5\" data-element_type=\"container\" data-e-type=\"container\" data-settings=\"{&quot;jet_parallax_layout_list&quot;:[],&quot;background_background&quot;:&quot;classic&quot;}\">\n\t\t\t\t\t<div class=\"e-con-inner\">\n\t\t\t\t<div class=\"elementor-element elementor-element-aea4635 elementor-widget elementor-widget-text-editor\" data-id=\"aea4635\" data-element_type=\"widget\" data-e-type=\"widget\" data-widget_type=\"text-editor.default\">\n\t\t\t\t<div class=\"elementor-widget-container\">\n\t\t\t\t\t\t\t\t\t<p><span style=\"font-weight: 400;\">Die vorliegenden Allgemeinen Verkaufsbedingungen (nachfolgend \u201eAGB\u201c) definieren die Bedingungen, unter denen BIGSOOL die ARCHIPAD-Produkte sowie die Dienste der Synchronisationsoption \u00fcber seine Website verkauft. Jede Bestellung setzt die vorbehaltlose und unwiderrufliche Annahme dieser AGB voraus, die \u00c4nderungen unterliegen k\u00f6nnen. Ma\u00dfgeblich sind die AGB, die am Tag der Bestellung durch den Kunden gelten. Jede Lieferung von Waren und Dienstleistungen durch BIGSOOL an ihre Kunden unterliegt den hier dargelegten Bedingungen.<\/span><\/p>\n<p><span style=\"font-weight: 400;\">Im Sinne dieser AGB werden der Kunde und BIGSOOL einzeln oder gemeinsam als \u201ePartei\u201c oder \u201eParteien\u201c bezeichnet.<\/span><\/p>\n<h2><b>ARTIKEL 1 \u2013 Gegenstand<\/b><\/h2>\n<p><span style=\"font-weight: 400;\">Diese AGB sollen jeden potenziellen Kunden \u00fcber die Bedingungen informieren, unter denen BIGSOOL den Zugang zu den ARCHIPAD-Produkten und zur Synchronisationsoption verkauft und bereitstellt, und sie definieren die Rechte und Pflichten der Parteien im Rahmen des Verkaufs dieser Produkte und Dienstleistungen durch BIGSOOL an einen gewerblichen Kunden (im Folgenden \u201eKunde\u201c).<\/span><\/p>\n<p><span style=\"font-weight: 400;\">Sie gelten uneingeschr\u00e4nkt f\u00fcr alle Verk\u00e4ufe der ARCHIPAD-Produkte und der Synchronisationsoption, die von BIGSOOL \u00fcber die Website<\/span><a href=\"https:\/\/archipad.com\/de\/\"> <span style=\"font-weight: 400;\">www.archipad.com<\/span><\/a><span style=\"font-weight: 400;\"> und \u00fcber die mobilen Plattformen App Store und Play Store (f\u00fcr iOS- und Android-Ger\u00e4te) angeboten werden (im Folgenden die \u201eWebsite\u201c).<\/span><\/p>\n<p><span style=\"font-weight: 400;\">Die AGB sind jederzeit \u00fcber einen Link im Fu\u00dfbereich jeder Seite der Website sowie auf der Best\u00e4tigungsseite der Bestellung zug\u00e4nglich.<\/span><\/p>\n<p><span style=\"font-weight: 400;\">BIGSOOL empfiehlt dem Kunden, diese herunterzuladen und aufzubewahren.<\/span><\/p>\n<p><span style=\"font-weight: 400;\">Vor der Zahlung und zur Best\u00e4tigung der Bestellung muss der Kunde die AGB zur Kenntnis nehmen und sie durch Aktivieren eines entsprechenden Kontrollk\u00e4stchens akzeptieren. Die AGB werden in einem Format zur Verf\u00fcgung gestellt, das ihre Speicherung und Wiedergabe erm\u00f6glicht.<\/span><\/p>\n<p><span style=\"font-weight: 400;\">BIGSOOL beh\u00e4lt sich das Recht vor, die AGB jederzeit zu \u00e4ndern. Es gelten jedoch die AGB, die der Kunde bei der Bestellung akzeptiert hat.<\/span><\/p>\n<p><span style=\"font-weight: 400;\">Die AGB werden erg\u00e4nzt durch die Allgemeinen Nutzungsbedingungen der Website und die Richtlinie zu \u201ePersonenbezogenen Daten und Cookies\u201c.<\/span><\/p>\n<h2><b>ARTIKEL 2 \u2013 Identit\u00e4t des Verk\u00e4ufers<\/b><\/h2>\n<p><span style=\"font-weight: 400;\">Name: BIGSOOL SAS<\/span><span style=\"font-weight: 400;\"><br><\/span><span style=\"font-weight: 400;\"> Adresse: BUSINESS POLE 2, 1047 ROUTE DES DOLINES, 06560 VALBONNE<\/span><span style=\"font-weight: 400;\"><br><\/span><span style=\"font-weight: 400;\"> Land: Frankreich<\/span><span style=\"font-weight: 400;\"><br><\/span><span style=\"font-weight: 400;\"> SIREN: 521 810 119<\/span><span style=\"font-weight: 400;\"><br><\/span><span style=\"font-weight: 400;\"> Tel.: +33 4 27 86 84 60<\/span><span style=\"font-weight: 400;\"><br><\/span><span style=\"font-weight: 400;\"> Vertrieb: Montag bis Freitag von 9:00 bis 12:00 Uhr und von 14:00 bis 18:00 Uhr<\/span><span style=\"font-weight: 400;\"><br><\/span><span style=\"font-weight: 400;\"> Tel.: +33 4 22 13 10 14<\/span><span style=\"font-weight: 400;\"><br><\/span><span style=\"font-weight: 400;\"> E-Mail: sales@archipad.com<\/span><\/p>\n<h2><b>ARTIKEL 3 \u2013 Vertragsabschluss und Bestellungen<\/b><\/h2>\n<h3><b>3.1 \u2013 Preise<\/b><\/h3>\n<p><span style=\"font-weight: 400;\">Die Preise der ARCHIPAD-Produkte und der Synchronisationsoption (im Folgenden \u201eProdukte und Dienstleistungen\u201c) sind in Euro netto pro Monat oder Jahr angegeben und gelten am Tag der Bestellung. BIGSOOL beh\u00e4lt sich das Recht vor, die Preise jederzeit vor der Bestellung zu \u00e4ndern; ma\u00dfgeblich ist der am Tag der Bestellung auf der Website angegebene Preis.<\/span><\/p>\n<p>BIGSOOL st\u00fctzt sich auf die Ver\u00e4nderung des SYNTEC-Index als Mechanismus zur automatischen Anpassung seiner Preise.<\/p>\n<p><span style=\"font-weight: 400;\">Die AGB k\u00f6nnen von BIGSOOL jederzeit ge\u00e4ndert werden. Diese \u00c4nderungen gelten nicht f\u00fcr bereits get\u00e4tigte Bestellungen. BIGSOOL empfiehlt daher, die AGB regelm\u00e4\u00dfig auf der Website zu \u00fcberpr\u00fcfen.<\/span><\/p>\n<h3><b>3.2 \u2013 Merkmale der Produkte und Dienstleistungen<\/b><\/h3>\n<p><span style=\"font-weight: 400;\">Die von BIGSOOL angebotenen Produkte und Dienstleistungen entsprechen dem franz\u00f6sischen Recht und den geltenden Normen. Um die Anwendung zu nutzen, muss der Kunde \u00fcber eine Internetverbindung mit ausreichender Bandbreite f\u00fcr die Synchronisation sowie ein iPad mit aktueller iOS-Version verf\u00fcgen.<\/span><\/p>\n<p><span style=\"font-weight: 400;\">Vor der Bestellung kann sich der Kunde auf der Website \u00fcber die wesentlichen Merkmale der Produkte informieren. F\u00fcr zus\u00e4tzliche Informationen oder Beratung kann der Kunde die folgenden BIGSOOL-Dienste kontaktieren:<\/span><\/p>\n<p><span style=\"font-weight: 400;\">Technischer Support<\/span><span style=\"font-weight: 400;\"><br><\/span><span style=\"font-weight: 400;\"> Tel.: +33 4 22 72 01 55<\/span><span style=\"font-weight: 400;\"><br><\/span><span style=\"font-weight: 400;\"> E-Mail: support@archipad.com<\/span><span style=\"font-weight: 400;\"><br><\/span><span style=\"font-weight: 400;\"> \u00d6ffnungszeiten: Montag bis Freitag von 9:00 bis 12:00 Uhr und von 14:00 bis 17:30 Uhr<\/span><\/p>\n<p><span style=\"font-weight: 400;\">Vertrieb<\/span><span style=\"font-weight: 400;\"><br><\/span><span style=\"font-weight: 400;\"> Tel.: +33 4 22 13 10 14<\/span><span style=\"font-weight: 400;\"><br><\/span><span style=\"font-weight: 400;\"> E-Mail: sales@archipad.com<\/span><\/p>\n<p><span style=\"font-weight: 400;\">Schulung<\/span><span style=\"font-weight: 400;\"><br><\/span><span style=\"font-weight: 400;\"> Tel.: +33 4 93 71 00 54<\/span><span style=\"font-weight: 400;\"><br><\/span><span style=\"font-weight: 400;\"> E-Mail: formation@archipad.com<\/span><\/p>\n<h3><b>3.3 \u2013 Nicht-exklusive Nutzungslizenz<\/b><\/h3>\n<p><span style=\"font-weight: 400;\">Produkte und Dienstleistungen k\u00f6nnen im Rahmen einer nicht-exklusiven Nutzungslizenz verwendet werden, die BIGSOOL als Inhaber der geistigen Eigentumsrechte f\u00fcr die in der Bestellung angegebene Dauer und das angegebene Gebiet gew\u00e4hrt.<\/span><\/p>\n<p><span style=\"font-weight: 400;\">Diese Lizenz stellt keinen Eigentums\u00fcbergang dar. Sie ist pers\u00f6nlich, nicht \u00fcbertragbar und nur f\u00fcr die vereinbarte Dauer und das vereinbarte Gebiet g\u00fcltig. Die Nutzungsbedingungen sind in den Allgemeinen Nutzungsbedingungen beschrieben.<\/span><\/p>\n<h3><b>3.4 \u2013 Bestellungen<\/b><\/h3>\n<p><span style=\"font-weight: 400;\">Vor der Best\u00e4tigung kann der Kunde seine Bestellung \u00fcberpr\u00fcfen und \u00e4ndern. Er muss die AGB und die Nutzungsbedingungen akzeptieren. Der Vertrag gilt als abgeschlossen, sobald der Kunde die Bestellung durch Zahlung best\u00e4tigt \u2013 entweder elektronisch oder per \u00dcberweisung.<\/span><\/p>\n<p><span style=\"font-weight: 400;\">Dies bedeutet vollst\u00e4ndige Kenntnis und Zustimmung zu der Bestellung, den Produkteigenschaften und der Zahlungspflicht.<\/span><\/p>\n<p><span style=\"font-weight: 400;\">Die gesamte Kommunikation erfolgt an die vom Kunden angegebene E-Mail-Adresse. Bei Fehlern, die nicht auf BIGSOOL zur\u00fcckzuf\u00fchren sind, bleibt die Bestellung g\u00fcltig.<\/span><\/p>\n<p><span style=\"font-weight: 400;\">Der Kunde kann sein Widerrufsrecht unter den in Artikel 6 beschriebenen Bedingungen aus\u00fcben.<\/span><\/p>\n<p><span style=\"font-weight: 400;\">BIGSOOL ist berechtigt, den vollen Betrag der Bestellung einzuziehen.<\/span><\/p>\n<p><span style=\"font-weight: 400;\">BIGSOOL beh\u00e4lt sich das Recht vor, eine Bestellung bei Zahlungsverzug, Teilzahlung, Zahlungsproblemen oder Betrugsverdacht zu stornieren oder auszusetzen.<\/span><\/p>\n<h2><b>ARTIKEL 4 \u2013 Zahlung<\/b><\/h2>\n<p><span style=\"font-weight: 400;\">Der Kunde kann die Bestellung \u00fcber folgende Zahlungsmethoden begleichen:<\/span><\/p>\n<ul>\n<li style=\"font-weight: 400;\" aria-level=\"1\"><span style=\"font-weight: 400;\">Scheck zugunsten von BIGSOOL<\/span><\/li>\n<li style=\"font-weight: 400;\" aria-level=\"1\"><span style=\"font-weight: 400;\">Bank\u00fcberweisung<\/span><\/li>\n<li style=\"font-weight: 400;\" aria-level=\"1\"><span style=\"font-weight: 400;\">Kreditkarte (CB, Visa, MasterCard) \u2013 nur f\u00fcr die Synchronisationsoption \u2013 \u00fcber ein sicheres Zahlungssystem<\/span>\n<p><\/p>\n<\/li>\n<\/ul>\n<p><span style=\"font-weight: 400;\">Der Kunde garantiert, dass er zur Nutzung der gew\u00e4hlten Zahlungsmethode berechtigt ist. Eine Rechnung kann unabh\u00e4ngig von der Zahlungsmethode angefordert werden.<\/span><\/p>\n<p><span style=\"font-weight: 400;\">BIGSOOL kann eine Bestellung bei Nichtzahlung, Zahlungsproblemen oder Betrug stornieren oder aussetzen, auch wenn fr\u00fchere Bestellungen betroffen sind.<\/span><\/p>\n<p><span style=\"font-weight: 400;\">Bei abgelehnter Zahlung wird eine Pauschale von 20 \u20ac f\u00e4llig. Bei Zahlungsverzug werden Verzugszinsen in H\u00f6he des Dreifachen des gesetzlichen Zinssatzes ab dem ersten Tag berechnet. F\u00fcr gewerbliche Kunden wird zus\u00e4tzlich eine Pauschale von 40 \u20ac f\u00fcr Inkassokosten erhoben.<\/span><\/p>\n<h2><b>ARTIKEL 5 \u2013 Bereitstellung von Produkten und Dienstleistungen<\/b><\/h2>\n<p><span style=\"font-weight: 400;\">Die bestellten Produkte und\/oder Dienstleistungen werden innerhalb von maximal 24 Stunden nach Zahlungseingang bereitgestellt. Bei Bestellungen am Freitag erfolgt die Aktivierung am folgenden Montag.<\/span><\/p>\n<h2><b>ARTIKEL 6 \u2013 Widerrufsrecht<\/b><\/h2>\n<p><span style=\"font-weight: 400;\">Da BIGSOOL seine Produkte und Dienstleistungen an gewerbliche Kunden verkauft, gilt das im franz\u00f6sischen Verbrauchergesetz vorgesehene Widerrufsrecht nicht. Dennoch wird BIGSOOL jede gerechtfertigte R\u00fcckerstattungsanfrage, die innerhalb von 14 Tagen nach der Bestellung eingeht, pr\u00fcfen.<\/span><\/p>\n<p><span style=\"font-weight: 400;\">Der Kunde kann seine Anfrage an sales@archipad.com senden.<\/span><span style=\"font-weight: 400;\"><br><\/span><span style=\"font-weight: 400;\"> BIGSOOL wird innerhalb von f\u00fcnf (5) Werktagen antworten und kann zus\u00e4tzliche Informationen anfordern.<\/span><\/p>\n<h2><b>ARTIKEL 7 \u2013 Eigentumsvorbehalt<\/b><\/h2>\n<p><span style=\"font-weight: 400;\">BIGSOOL beh\u00e4lt das vollst\u00e4ndige Eigentum an den verkauften Produkten bis zur vollst\u00e4ndigen Bezahlung, einschlie\u00dflich Steuern.<\/span><\/p>\n<h2><b>ARTIKEL 8 \u2013 Geistiges Eigentum<\/b><\/h2>\n<p><span style=\"font-weight: 400;\">Die Marke ARCHIPAD sowie alle damit verbundenen Marken (bildlich oder nicht), Illustrationen, Bilder, Logos und Inhalte der Website (einschlie\u00dflich AGB und Nutzungsbedingungen) sind und bleiben ausschlie\u00dfliches Eigentum von BIGSOOL oder des jeweiligen Rechteinhabers.<\/span><\/p>\n<p><span style=\"font-weight: 400;\">Jede vollst\u00e4ndige oder teilweise Vervielf\u00e4ltigung, \u00c4nderung oder Nutzung \u2013 aus welchem Grund und auf welchem Medium auch immer \u2013 ohne vorherige schriftliche Genehmigung ist strengstens untersagt. Gleiches gilt f\u00fcr Urheberrechte, Designs oder Patente auf der Website.<\/span><\/p>\n<h2><b>ARTIKEL 9 \u2013 Nachweis der Bestellungen<\/b><\/h2>\n<p><span style=\"font-weight: 400;\">BIGSOOL ergreift technische und organisatorische Ma\u00dfnahmen zum Schutz der Kundendaten. Der Kunde ist f\u00fcr den Schutz seiner Zugangsdaten und den regelm\u00e4\u00dfigen Passwortwechsel verantwortlich.<\/span><\/p>\n<p><span style=\"font-weight: 400;\">Jede mit Login und Passwort best\u00e4tigte Bestellung gilt als vom Kunden get\u00e4tigt, sofern nicht das Gegenteil bewiesen wird. Die elektronischen Aufzeichnungen von BIGSOOL gelten als Nachweis f\u00fcr Kommunikation, Bestellungen und Zahlungen.<\/span><\/p>\n<p><span style=\"font-weight: 400;\">Die Parteien erkennen an, dass alle elektronischen Daten und Aufzeichnungen denselben Beweiswert wie schriftliche Dokumente haben.<\/span><\/p>\n<h2><b>ARTIKEL 10 \u2013 Haftung<\/b><\/h2>\n<h3><b>10.1 \u2013 Rechtsf\u00e4higkeit<\/b><\/h3>\n<p><span style=\"font-weight: 400;\">Der Kunde erkl\u00e4rt, dass er rechtlich gesch\u00e4ftsf\u00e4hig ist. BIGSOOL ist nicht verpflichtet, dies zu \u00fcberpr\u00fcfen. Bei Bestellungen durch nicht berechtigte Personen haften deren gesetzliche Vertreter.<\/span><\/p>\n<h3><b>10.2 \u2013 H\u00f6here Gewalt<\/b><\/h3>\n<p><span style=\"font-weight: 400;\">BIGSOOL haftet nicht bei h\u00f6herer Gewalt oder Verschulden des Kunden im Sinne von Artikel 1218 des franz\u00f6sischen Zivilgesetzbuchs.<\/span><\/p>\n<h2><b>ARTIKEL 11 \u2013 Datenschutz<\/b><\/h2>\n<p><span style=\"font-weight: 400;\">BIGSOOL erhebt personenbezogene Daten des Kunden und gegebenenfalls des Bestellempf\u00e4ngers. Zweck, Empf\u00e4nger und Rechte werden in der auf der Website zug\u00e4nglichen Richtlinie zu \u201ePersonenbezogenen Daten und Cookies\u201c beschrieben.<\/span><\/p>\n<h2><b>ARTIKEL 12 \u2013 \u00c4nderungen<\/b><\/h2>\n<p><span style=\"font-weight: 400;\">BIGSOOL kann die AGB jederzeit ohne Vorank\u00fcndigung \u00e4ndern oder aktualisieren. Kunden m\u00fcssen regelm\u00e4\u00dfig die AGB, das Impressum, die Nutzungsbedingungen und die Datenschutzrichtlinie konsultieren.<\/span><\/p>\n<p><span style=\"font-weight: 400;\">Es gelten die zum Zeitpunkt der Bestellung g\u00fcltigen AGB.<\/span><\/p>\n<h2><b>ARTIKEL 13 \u2013 Allgemeine Bestimmungen<\/b><\/h2>\n<h3><b>13.1 \u2013 Salvatorische Klausel<\/b><\/h3>\n<p><span style=\"font-weight: 400;\">Sollten eine oder mehrere Bestimmungen dieser AGB ung\u00fcltig sein, bleiben die \u00fcbrigen Bestimmungen voll wirksam.<\/span><\/p>\n<h3><b>13.2 \u2013 Verzicht<\/b><\/h3>\n<p><span style=\"font-weight: 400;\">Das Unterlassen der Aus\u00fcbung eines Rechts gilt nicht als Verzicht auf dieses Recht.<\/span><\/p>\n<h3><b>13.3 \u2013 Anwendbares Recht und Gerichtsstand<\/b><\/h3>\n<p><span style=\"font-weight: 400;\">Bestellungen und AGB unterliegen franz\u00f6sischem Recht. Bei Streitigkeiten bem\u00fchen sich die Parteien zun\u00e4chst um eine einvernehmliche L\u00f6sung innerhalb von f\u00fcnfzehn (15) Tagen. Andernfalls kann ein Schlichtungsverfahren eingeleitet werden. Scheitert dieses ebenfalls, sind die zust\u00e4ndigen Gerichte zust\u00e4ndig.<\/span><\/p>\n<p><strong>Letzte Aktualisierung: 08. August 2025<\/strong><\/p>\t\t\t\t\t\t\t\t<\/div>\n\t\t\t\t<\/div>\n\t\t\t\t\t<\/div>\n\t\t\t\t<\/div>\n\t\t\t\t<\/div>\n\t\t\t\t<\/div>\n\t\t\t\t<\/div>\n\t\t\t\t<\/div>\n\t\t","protected":false},"excerpt":{"rendered":"<p>Allgemeine Verkaufsbedin gungen Die vorliegenden Allgemeinen Verkaufsbedingungen (nachfolgend \u201eAGB\u201c) definieren die Bedingungen, unter denen BIGSOOL die ARCHIPAD-Produkte sowie die Dienste der Synchronisationsoption \u00fcber seine Website verkauft. Jede Bestellung setzt die vorbehaltlose und unwiderrufliche Annahme dieser AGB voraus, die \u00c4nderungen unterliegen k\u00f6nnen. Ma\u00dfgeblich sind die AGB, die am Tag der Bestellung durch den Kunden gelten. Jede [&hellip;]<\/p>\n","protected":false},"author":2,"featured_media":0,"parent":0,"menu_order":0,"comment_status":"closed","ping_status":"closed","template":"","meta":{"_jet_sm_ready_style":"","_jet_sm_style":"","_jet_sm_controls_values":"","_jet_sm_fonts_collection":"","_jet_sm_fonts_links":"","footnotes":""},"class_list":["post-10615","page","type-page","status-publish","hentry"],"_links":{"self":[{"href":"https:\/\/archipad.com\/de\/wp-json\/wp\/v2\/pages\/10615","targetHints":{"allow":["GET"]}}],"collection":[{"href":"https:\/\/archipad.com\/de\/wp-json\/wp\/v2\/pages"}],"about":[{"href":"https:\/\/archipad.com\/de\/wp-json\/wp\/v2\/types\/page"}],"author":[{"embeddable":true,"href":"https:\/\/archipad.com\/de\/wp-json\/wp\/v2\/users\/2"}],"replies":[{"embeddable":true,"href":"https:\/\/archipad.com\/de\/wp-json\/wp\/v2\/comments?post=10615"}],"version-history":[{"count":1,"href":"https:\/\/archipad.com\/de\/wp-json\/wp\/v2\/pages\/10615\/revisions"}],"predecessor-version":[{"id":16846,"href":"https:\/\/archipad.com\/de\/wp-json\/wp\/v2\/pages\/10615\/revisions\/16846"}],"wp:attachment":[{"href":"https:\/\/archipad.com\/de\/wp-json\/wp\/v2\/media?parent=10615"}],"curies":[{"name":"wp","href":"https:\/\/api.w.org\/{rel}","templated":true}]}}